{"id":17827,"date":"2024-11-19T20:03:08","date_gmt":"2024-11-19T18:03:08","guid":{"rendered":"https:\/\/www.solutiiresurseumane.ro\/servizi\/revisione-e-amministrazione-del-personale\/"},"modified":"2025-05-13T15:52:32","modified_gmt":"2025-05-13T13:52:32","slug":"reges-online-e-amministrazione-del-personale","status":"publish","type":"page","link":"https:\/\/www.solutiiresurseumane.ro\/it\/servizi\/reges-online-e-amministrazione-del-personale\/","title":{"rendered":"Reges Online e amministrazione del personale"},"content":{"rendered":"\t\t<div data-elementor-type=\"wp-page\" data-elementor-id=\"17827\" class=\"elementor elementor-17827\">\n\t\t\t\t\t\t<section class=\"elementor-section elementor-top-section elementor-element elementor-element-e7d23d1 elementor-section-content-middle animated-slow elementor-section-full_width elementor-section-height-default elementor-section-height-default\" data-id=\"e7d23d1\" data-element_type=\"section\" data-e-type=\"section\" data-settings=\"{&quot;animation&quot;:&quot;none&quot;,&quot;animation_delay&quot;:1000}\">\n\t\t\t\t\t\t<div class=\"elementor-container elementor-column-gap-wide\">\n\t\t\t\t\t<div class=\"elementor-column elementor-col-100 elementor-top-column elementor-element elementor-element-51ef7ad\" data-id=\"51ef7ad\" data-element_type=\"column\" data-e-type=\"column\">\n\t\t\t<div class=\"elementor-widget-wrap\">\n\t\t\t\t\t\t\t<\/div>\n\t\t<\/div>\n\t\t\t\t\t<\/div>\n\t\t<\/section>\n\t\t\t\t<section class=\"elementor-section elementor-top-section elementor-element elementor-element-8994b1a elementor-section-content-middle animated-slow elementor-section-boxed elementor-section-height-default elementor-section-height-default\" data-id=\"8994b1a\" data-element_type=\"section\" data-e-type=\"section\" data-settings=\"{&quot;animation&quot;:&quot;none&quot;,&quot;animation_delay&quot;:1000}\">\n\t\t\t\t\t\t<div class=\"elementor-container elementor-column-gap-wide\">\n\t\t\t\t\t<div class=\"elementor-column elementor-col-100 elementor-top-column elementor-element elementor-element-711391e\" data-id=\"711391e\" data-element_type=\"column\" data-e-type=\"column\">\n\t\t\t<div class=\"elementor-widget-wrap elementor-element-populated\">\n\t\t\t\t\t\t<div class=\"elementor-element elementor-element-2931e6a elementor-widget__width-initial elementor-widget elementor-widget-heading\" data-id=\"2931e6a\" data-element_type=\"widget\" data-e-type=\"widget\" data-widget_type=\"heading.default\">\n\t\t\t\t<div class=\"elementor-widget-container\">\n\t\t\t\t\t<h2 class=\"elementor-heading-title elementor-size-default\">REGES ONLINE E AMMINISTRAZIONE DEL PERSONALE<\/h2>\t\t\t\t<\/div>\n\t\t\t\t<\/div>\n\t\t\t\t<div class=\"elementor-element elementor-element-58c927c elementor-widget__width-initial elementor-widget elementor-widget-image\" data-id=\"58c927c\" data-element_type=\"widget\" data-e-type=\"widget\" data-widget_type=\"image.default\">\n\t\t\t\t<div class=\"elementor-widget-container\">\n\t\t\t\t\t\t\t\t\t\t\t\t\t\t\t<img fetchpriority=\"high\" decoding=\"async\" width=\"300\" height=\"200\" src=\"https:\/\/www.solutiiresurseumane.ro\/wp-content\/uploads\/2025\/04\/revisal-2-300x200.webp\" class=\"attachment-medium size-medium wp-image-18851\" alt=\"revisal\" srcset=\"https:\/\/www.solutiiresurseumane.ro\/wp-content\/uploads\/2025\/04\/revisal-2-300x200.webp 300w, https:\/\/www.solutiiresurseumane.ro\/wp-content\/uploads\/2025\/04\/revisal-2-1024x682.webp 1024w, https:\/\/www.solutiiresurseumane.ro\/wp-content\/uploads\/2025\/04\/revisal-2-768x512.webp 768w, https:\/\/www.solutiiresurseumane.ro\/wp-content\/uploads\/2025\/04\/revisal-2-365x243.webp 365w, https:\/\/www.solutiiresurseumane.ro\/wp-content\/uploads\/2025\/04\/revisal-2.webp 1280w\" sizes=\"(max-width: 300px) 100vw, 300px\" \/>\t\t\t\t\t\t\t\t\t\t\t\t\t\t\t<\/div>\n\t\t\t\t<\/div>\n\t\t\t\t<div class=\"elementor-element elementor-element-d77fcb3 elementor-widget elementor-widget-text-editor\" data-id=\"d77fcb3\" data-element_type=\"widget\" data-e-type=\"widget\" data-widget_type=\"text-editor.default\">\n\t\t\t\t<div class=\"elementor-widget-container\">\n\t\t\t\t\t\t\t\t\t<p style=\"text-align: justify;\">L&#8217;esternalizzazione dei servizi di Reges Online e amministrazione del personale \u00e8 un modo efficiente di organizzarsi sia dal punto di vista finanziario che da quello del consumo di tempo. \u00c8 efficace anche dal punto di vista della necessit\u00e0 di una conoscenza approfondita della legislazione sul lavoro e della sua corretta applicazione da parte dei responsabili. Se non disponi di un dipartimento HR interno, l&#8217;outsourcing \u00e8 la soluzione ideale. Se hai un reparto interno, puoi ricorrere all&#8217;outsourcing quando il personale \u00e8 dedicato ad altri ruoli.<\/p><p style=\"text-align: justify;\">Esternalizzare la revisione e l&#8217;amministrazione del personale attraverso Fox Expert Advice ti permette di accedere a professionisti altamente qualificati. Possono aiutarti a gestire gli aspetti amministrativi e legislativi, i movimenti del personale e tutta la documentazione relativa. Ci assicureremo inoltre che Reges Online sia aggiornato correttamente e che le modifiche siano presentate a Reges in tempo.<\/p>\t\t\t\t\t\t\t\t<\/div>\n\t\t\t\t<\/div>\n\t\t\t\t<div class=\"elementor-element elementor-element-d30009e elementor-widget elementor-widget-heading\" data-id=\"d30009e\" data-element_type=\"widget\" data-e-type=\"widget\" data-widget_type=\"heading.default\">\n\t\t\t\t<div class=\"elementor-widget-container\">\n\t\t\t\t\t<h2 class=\"elementor-heading-title elementor-size-default\">Che cos'\u00e8 la revisione?<\/h2>\t\t\t\t<\/div>\n\t\t\t\t<\/div>\n\t\t\t\t<div class=\"elementor-element elementor-element-011d9cd elementor-widget elementor-widget-text-editor\" data-id=\"011d9cd\" data-element_type=\"widget\" data-e-type=\"widget\" data-widget_type=\"text-editor.default\">\n\t\t\t\t<div class=\"elementor-widget-container\">\n\t\t\t\t\t\t\t\t\t<p style=\"text-align: justify;\">La Reges Online \u00e8 un sistema obbligatorio per tutte le aziende in Romania, regolato dalla Legge 53\/2003 &#8211; Codice del Lavoro. Permette ai datori di lavoro di registrare le informazioni essenziali sui propri dipendenti, compresi i dati personali, i contratti di lavoro, le loro modifiche e la cessazione del rapporto di lavoro. I dati della revisione vengono controllati dall&#8217;ITM (Ispettorato Territoriale del Lavoro). Il mancato rispetto delle regole comporter\u00e0 delle sanzioni.<\/p><p style=\"text-align: justify;\">Qualsiasi modifica del contratto di lavoro (cambio di stipendio, cambio di luogo di lavoro, trasferimento di un dipendente, ecc.) deve essere registrata entro 20 giorni lavorativi.<\/p>\t\t\t\t\t\t\t\t<\/div>\n\t\t\t\t<\/div>\n\t\t\t\t<div class=\"elementor-element elementor-element-c598fc7 elementor-widget elementor-widget-heading\" data-id=\"c598fc7\" data-element_type=\"widget\" data-e-type=\"widget\" data-widget_type=\"heading.default\">\n\t\t\t\t<div class=\"elementor-widget-container\">\n\t\t\t\t\t<h3 class=\"elementor-heading-title elementor-size-default\">Documenti perfettamente armonizzati con i consigli dell'esperto Fox  <\/h3>\t\t\t\t<\/div>\n\t\t\t\t<\/div>\n\t\t\t\t<div class=\"elementor-element elementor-element-326d550 elementor-widget elementor-widget-text-editor\" data-id=\"326d550\" data-element_type=\"widget\" data-e-type=\"widget\" data-widget_type=\"text-editor.default\">\n\t\t\t\t<div class=\"elementor-widget-container\">\n\t\t\t\t\t\t\t\t\t<p style=\"text-align: justify;\">Un&#8217;azienda che ha dei dipendenti non pu\u00f2 funzionare in modo corretto e sicuro senza disporre di servizi di revisione e amministrazione del personale. Per una corretta implementazione di Reges Online e amministrazione del personale, iniziamo analizzando le tue esigenze. Verificheremo i file dei dipendenti e i rapporti di revisione. Lo facciamo soprattutto nel caso di aziende che non sono di recente costituzione, in quanto abbiamo uno storico che pu\u00f2 essere controllato. Per essere sicuri di non rischiare sanzioni, se individuiamo errori nell&#8217;amministrazione di Reges Online o nei file del personale, li correggeremo.<\/p><p>La parte di amministrazione del personale del nostro lavoro comprende:<\/p><ul><li>compilare e gestire i file e i registri del personale<\/li><li>redigere contratti di lavoro individuali e gestirli dalla data di inizio fino alla fine dell&#8217;attivit\u00e0<\/li><li>redigere addendum sulla base delle modifiche apportate ai termini dei contratti di lavoro individuali<\/li><li>elaborare decisioni di risoluzione o sospensione di contratti di lavoro individuali sulla base delle informazioni fornite dal cliente, in conformit\u00e0 ai requisiti di legge<\/li><li>redigere i certificati di anzianit\u00e0 per il periodo di lavoro nell&#8217;azienda<\/li><li>trasmissione di tutte le informazioni relative alla stipula, alla modifica e alla cessazione dei contratti individuali di lavoro in <a href=\"https:\/\/www.inspectiamuncii.ro\/\"><strong><em>Reges Online<\/em><\/strong><\/a> rispettivamente in Reges, nel rispetto dei requisiti di legge<\/li><li>redigere i rapporti sui congedi di riposo\/malattia fruiti<\/li><li>redigere le descrizioni delle mansioni, i <a href=\"https:\/\/www.solutiiresurseumane.ro\/it\/servizi\/consulenza-sulle-risorse-umane\/\">regolamenti interni<\/a> e i contratti collettivi di lavoro a livello di unit\u00e0.<\/li><li>redigere i documenti necessari in caso di indagini disciplinari sui dipendenti<\/li><li>il cliente \u00e8 rappresentato nel rapporto con le autorit\u00e0 (ITM, Pension House, Health House, Unemployment Agency) in caso di controllo avviato da queste ultime<\/li><li>redigere certificati per attestare l&#8217;attivit\u00e0 dei dipendenti, certificati richiesti dalle autorit\u00e0 o dalle banche<\/li><\/ul>\t\t\t\t\t\t\t\t<\/div>\n\t\t\t\t<\/div>\n\t\t\t\t\t<\/div>\n\t\t<\/div>\n\t\t\t\t\t<\/div>\n\t\t<\/section>\n\t\t\t\t<section class=\"elementor-section elementor-top-section elementor-element elementor-element-a6fe334 elementor-section-content-middle animated-slow elementor-section-full_width elementor-section-height-default elementor-section-height-default\" data-id=\"a6fe334\" data-element_type=\"section\" data-e-type=\"section\" data-settings=\"{&quot;animation&quot;:&quot;none&quot;,&quot;animation_delay&quot;:1000}\">\n\t\t\t\t\t\t<div class=\"elementor-container elementor-column-gap-default\">\n\t\t\t\t\t<div class=\"elementor-column elementor-col-50 elementor-top-column elementor-element elementor-element-d1791c0\" data-id=\"d1791c0\" data-element_type=\"column\" data-e-type=\"column\">\n\t\t\t<div class=\"elementor-widget-wrap elementor-element-populated\">\n\t\t\t\t\t\t<div class=\"elementor-element elementor-element-4f0d5e7 elementor-widget__width-initial elementor-widget elementor-widget-text-editor\" data-id=\"4f0d5e7\" data-element_type=\"widget\" data-e-type=\"widget\" data-widget_type=\"text-editor.default\">\n\t\t\t\t<div class=\"elementor-widget-container\">\n\t\t\t\t\t\t\t\t\t<p style=\"text-align: center;\"><strong>Richiedi un&#8217;offerta personalizzata!<\/strong><\/p>\t\t\t\t\t\t\t\t<\/div>\n\t\t\t\t<\/div>\n\t\t\t\t<div class=\"elementor-element elementor-element-cd6ac8a elementor-align-center elementor-widget__width-initial elementor-widget elementor-widget-button\" data-id=\"cd6ac8a\" data-element_type=\"widget\" data-e-type=\"widget\" data-widget_type=\"button.default\">\n\t\t\t\t<div class=\"elementor-widget-container\">\n\t\t\t\t\t\t\t\t\t<div class=\"elementor-button-wrapper\">\n\t\t\t\t\t<a class=\"elementor-button elementor-button-link elementor-size-sm\" href=\"https:\/\/www.solutiiresurseumane.ro\/it\/richiesta-di-offerta\/\">\n\t\t\t\t\t\t<span class=\"elementor-button-content-wrapper\">\n\t\t\t\t\t\t\t\t\t<span class=\"elementor-button-text\">Richiedi un'offerta<\/span>\n\t\t\t\t\t<\/span>\n\t\t\t\t\t<\/a>\n\t\t\t\t<\/div>\n\t\t\t\t\t\t\t\t<\/div>\n\t\t\t\t<\/div>\n\t\t\t\t\t<\/div>\n\t\t<\/div>\n\t\t\t\t<div class=\"elementor-column elementor-col-50 elementor-top-column elementor-element elementor-element-8d04341\" data-id=\"8d04341\" data-element_type=\"column\" data-e-type=\"column\">\n\t\t\t<div class=\"elementor-widget-wrap elementor-element-populated\">\n\t\t\t\t\t\t<div class=\"elementor-element elementor-element-d688172 elementor-widget elementor-widget-image\" data-id=\"d688172\" data-element_type=\"widget\" data-e-type=\"widget\" data-widget_type=\"image.default\">\n\t\t\t\t<div class=\"elementor-widget-container\">\n\t\t\t\t\t\t\t\t\t\t\t\t\t\t\t<img decoding=\"async\" width=\"456\" height=\"234\" src=\"https:\/\/www.solutiiresurseumane.ro\/wp-content\/uploads\/2025\/04\/img-rfo-1.webp\" class=\"attachment-large size-large wp-image-18835\" alt=\"Centro di valutazione\" srcset=\"https:\/\/www.solutiiresurseumane.ro\/wp-content\/uploads\/2025\/04\/img-rfo-1.webp 456w, https:\/\/www.solutiiresurseumane.ro\/wp-content\/uploads\/2025\/04\/img-rfo-1-300x154.webp 300w\" sizes=\"(max-width: 456px) 100vw, 456px\" \/>\t\t\t\t\t\t\t\t\t\t\t\t\t\t\t<\/div>\n\t\t\t\t<\/div>\n\t\t\t\t\t<\/div>\n\t\t<\/div>\n\t\t\t\t\t<\/div>\n\t\t<\/section>\n\t\t\t\t<\/div>\n\t\t","protected":false},"excerpt":{"rendered":"<p>REGES ONLINE E AMMINISTRAZIONE DEL PERSONALE L&#8217;esternalizzazione dei servizi di Reges Online e amministrazione del personale \u00e8 un modo efficiente di organizzarsi sia dal punto di vista finanziario che da quello del consumo di tempo. \u00c8 efficace anche dal punto di vista della necessit\u00e0 di una conoscenza approfondita della legislazione sul lavoro e della sua&#8230;<\/p>\n","protected":false},"author":1,"featured_media":18851,"parent":17755,"menu_order":0,"comment_status":"closed","ping_status":"closed","template":"","meta":{"_acf_changed":false,"footnotes":""},"class_list":["post-17827","page","type-page","status-publish","has-post-thumbnail","hentry"],"acf":[],"yoast_head":"<!-- This site is optimized with the Yoast SEO Premium plugin v27.3 (Yoast SEO v27.3) - https:\/\/yoast.com\/product\/yoast-seo-premium-wordpress\/ -->\n<title>Reges Online e amministrazione del personale - Angajare, Assessment Center, Dezvoltare Resurse Umane<\/title>\n<meta name=\"description\" content=\"Reges Online in outsourcing e amministrazione personale da parte di professionisti altamente qualificati per documenti perfettamente armonizzati con la legislazione.\" \/>\n<meta name=\"robots\" content=\"index, follow, max-snippet:-1, max-image-preview:large, max-video-preview:-1\" \/>\n<link rel=\"canonical\" href=\"https:\/\/www.solutiiresurseumane.ro\/it\/servizi\/reges-online-e-amministrazione-del-personale\/\" \/>\n<meta property=\"og:locale\" content=\"it_IT\" \/>\n<meta property=\"og:type\" content=\"article\" \/>\n<meta property=\"og:title\" content=\"Reges Online e amministrazione del personale\" \/>\n<meta property=\"og:description\" content=\"Reges Online in outsourcing e amministrazione personale da parte di professionisti altamente qualificati per documenti perfettamente armonizzati con la legislazione.\" \/>\n<meta property=\"og:url\" content=\"https:\/\/www.solutiiresurseumane.ro\/it\/servizi\/reges-online-e-amministrazione-del-personale\/\" \/>\n<meta property=\"og:site_name\" content=\"Angajare, Assessment Center, Dezvoltare Resurse Umane\" \/>\n<meta property=\"article:modified_time\" content=\"2025-05-13T13:52:32+00:00\" \/>\n<meta property=\"og:image\" content=\"https:\/\/www.solutiiresurseumane.ro\/wp-content\/uploads\/2025\/04\/revisal-2.webp\" \/>\n\t<meta property=\"og:image:width\" content=\"1280\" \/>\n\t<meta property=\"og:image:height\" content=\"853\" \/>\n\t<meta property=\"og:image:type\" content=\"image\/webp\" \/>\n<meta name=\"twitter:card\" content=\"summary_large_image\" \/>\n<meta name=\"twitter:label1\" content=\"Tempo di lettura stimato\" \/>\n\t<meta name=\"twitter:data1\" content=\"4 minuti\" \/>\n<script type=\"application\/ld+json\" class=\"yoast-schema-graph\">{\"@context\":\"https:\\\/\\\/schema.org\",\"@graph\":[{\"@type\":\"WebPage\",\"@id\":\"https:\\\/\\\/www.solutiiresurseumane.ro\\\/it\\\/servizi\\\/reges-online-e-amministrazione-del-personale\\\/\",\"url\":\"https:\\\/\\\/www.solutiiresurseumane.ro\\\/it\\\/servizi\\\/reges-online-e-amministrazione-del-personale\\\/\",\"name\":\"Reges Online e amministrazione del personale - Angajare, Assessment Center, Dezvoltare Resurse Umane\",\"isPartOf\":{\"@id\":\"https:\\\/\\\/www.solutiiresurseumane.ro\\\/it\\\/#website\"},\"primaryImageOfPage\":{\"@id\":\"https:\\\/\\\/www.solutiiresurseumane.ro\\\/it\\\/servizi\\\/reges-online-e-amministrazione-del-personale\\\/#primaryimage\"},\"image\":{\"@id\":\"https:\\\/\\\/www.solutiiresurseumane.ro\\\/it\\\/servizi\\\/reges-online-e-amministrazione-del-personale\\\/#primaryimage\"},\"thumbnailUrl\":\"https:\\\/\\\/www.solutiiresurseumane.ro\\\/wp-content\\\/uploads\\\/2025\\\/04\\\/revisal-2.webp\",\"datePublished\":\"2024-11-19T18:03:08+00:00\",\"dateModified\":\"2025-05-13T13:52:32+00:00\",\"description\":\"Reges Online in outsourcing e amministrazione personale da parte di professionisti altamente qualificati per documenti perfettamente armonizzati con la legislazione.\",\"breadcrumb\":{\"@id\":\"https:\\\/\\\/www.solutiiresurseumane.ro\\\/it\\\/servizi\\\/reges-online-e-amministrazione-del-personale\\\/#breadcrumb\"},\"inLanguage\":\"it-IT\",\"potentialAction\":[{\"@type\":\"ReadAction\",\"target\":[\"https:\\\/\\\/www.solutiiresurseumane.ro\\\/it\\\/servizi\\\/reges-online-e-amministrazione-del-personale\\\/\"]}]},{\"@type\":\"ImageObject\",\"inLanguage\":\"it-IT\",\"@id\":\"https:\\\/\\\/www.solutiiresurseumane.ro\\\/it\\\/servizi\\\/reges-online-e-amministrazione-del-personale\\\/#primaryimage\",\"url\":\"https:\\\/\\\/www.solutiiresurseumane.ro\\\/wp-content\\\/uploads\\\/2025\\\/04\\\/revisal-2.webp\",\"contentUrl\":\"https:\\\/\\\/www.solutiiresurseumane.ro\\\/wp-content\\\/uploads\\\/2025\\\/04\\\/revisal-2.webp\",\"width\":1280,\"height\":853,\"caption\":\"Revisal e amministrazione del personale\"},{\"@type\":\"BreadcrumbList\",\"@id\":\"https:\\\/\\\/www.solutiiresurseumane.ro\\\/it\\\/servizi\\\/reges-online-e-amministrazione-del-personale\\\/#breadcrumb\",\"itemListElement\":[{\"@type\":\"ListItem\",\"position\":1,\"name\":\"Prima pagin\u0103\",\"item\":\"https:\\\/\\\/www.solutiiresurseumane.ro\\\/it\\\/\"},{\"@type\":\"ListItem\",\"position\":2,\"name\":\"Servizi\",\"item\":\"https:\\\/\\\/www.solutiiresurseumane.ro\\\/it\\\/servizi\\\/\"},{\"@type\":\"ListItem\",\"position\":3,\"name\":\"Reges Online e amministrazione del personale\"}]},{\"@type\":\"WebSite\",\"@id\":\"https:\\\/\\\/www.solutiiresurseumane.ro\\\/it\\\/#website\",\"url\":\"https:\\\/\\\/www.solutiiresurseumane.ro\\\/it\\\/\",\"name\":\"Bismutika HR\",\"description\":\"Bismutika HR\",\"publisher\":{\"@id\":\"https:\\\/\\\/www.solutiiresurseumane.ro\\\/it\\\/#organization\"},\"alternateName\":\"Bismutika \u2013 Agentie recrutare si full-cycle HR\",\"potentialAction\":[{\"@type\":\"SearchAction\",\"target\":{\"@type\":\"EntryPoint\",\"urlTemplate\":\"https:\\\/\\\/www.solutiiresurseumane.ro\\\/it\\\/?s={search_term_string}\"},\"query-input\":{\"@type\":\"PropertyValueSpecification\",\"valueRequired\":true,\"valueName\":\"search_term_string\"}}],\"inLanguage\":\"it-IT\"},{\"@type\":\"Organization\",\"@id\":\"https:\\\/\\\/www.solutiiresurseumane.ro\\\/it\\\/#organization\",\"name\":\"Bismutika HR\",\"alternateName\":\"Bismutika HR - Agentie recrutare si full-cycle HR\",\"url\":\"https:\\\/\\\/www.solutiiresurseumane.ro\\\/it\\\/\",\"logo\":{\"@type\":\"ImageObject\",\"inLanguage\":\"it-IT\",\"@id\":\"https:\\\/\\\/www.solutiiresurseumane.ro\\\/it\\\/#\\\/schema\\\/logo\\\/image\\\/\",\"url\":\"https:\\\/\\\/www.solutiiresurseumane.ro\\\/wp-content\\\/uploads\\\/2025\\\/09\\\/090925_6.png\",\"contentUrl\":\"https:\\\/\\\/www.solutiiresurseumane.ro\\\/wp-content\\\/uploads\\\/2025\\\/09\\\/090925_6.png\",\"width\":566,\"height\":193,\"caption\":\"Bismutika HR\"},\"image\":{\"@id\":\"https:\\\/\\\/www.solutiiresurseumane.ro\\\/it\\\/#\\\/schema\\\/logo\\\/image\\\/\"},\"sameAs\":[\"https:\\\/\\\/www.linkedin.com\\\/in\\\/andreea-nichifor-56561648\\\/\"],\"description\":\"Bismutika ofera servicii de recrutare, executive search si head hunting pentru companiile care doresc sa atraga cei mai buni candidati. Intelegem relatia dintre business si oamenii care il fac profitabil. In companii, cel mai important capital nu sunt oamenii, ci oamenii potriviti.\",\"email\":\"office@solutiiresurseumane.ro\",\"telephone\":\"0731 389 641\",\"legalName\":\"Bismutika - Agentie recrutare si full-cycle HR\",\"foundingDate\":\"2015-01-28\",\"vatID\":\"RO34025166\",\"numberOfEmployees\":{\"@type\":\"QuantitativeValue\",\"minValue\":\"1\",\"maxValue\":\"10\"}}]}<\/script>\n<!-- \/ Yoast SEO Premium plugin. -->","yoast_head_json":{"title":"Reges Online e amministrazione del personale - Angajare, Assessment Center, Dezvoltare Resurse Umane","description":"Reges Online in outsourcing e amministrazione personale da parte di professionisti altamente qualificati per documenti perfettamente armonizzati con la legislazione.","robots":{"index":"index","follow":"follow","max-snippet":"max-snippet:-1","max-image-preview":"max-image-preview:large","max-video-preview":"max-video-preview:-1"},"canonical":"https:\/\/www.solutiiresurseumane.ro\/it\/servizi\/reges-online-e-amministrazione-del-personale\/","og_locale":"it_IT","og_type":"article","og_title":"Reges Online e amministrazione del personale","og_description":"Reges Online in outsourcing e amministrazione personale da parte di professionisti altamente qualificati per documenti perfettamente armonizzati con la legislazione.","og_url":"https:\/\/www.solutiiresurseumane.ro\/it\/servizi\/reges-online-e-amministrazione-del-personale\/","og_site_name":"Angajare, Assessment Center, Dezvoltare Resurse Umane","article_modified_time":"2025-05-13T13:52:32+00:00","og_image":[{"width":1280,"height":853,"url":"https:\/\/www.solutiiresurseumane.ro\/wp-content\/uploads\/2025\/04\/revisal-2.webp","type":"image\/webp"}],"twitter_card":"summary_large_image","twitter_misc":{"Tempo di lettura stimato":"4 minuti"},"schema":{"@context":"https:\/\/schema.org","@graph":[{"@type":"WebPage","@id":"https:\/\/www.solutiiresurseumane.ro\/it\/servizi\/reges-online-e-amministrazione-del-personale\/","url":"https:\/\/www.solutiiresurseumane.ro\/it\/servizi\/reges-online-e-amministrazione-del-personale\/","name":"Reges Online e amministrazione del personale - Angajare, Assessment Center, Dezvoltare Resurse Umane","isPartOf":{"@id":"https:\/\/www.solutiiresurseumane.ro\/it\/#website"},"primaryImageOfPage":{"@id":"https:\/\/www.solutiiresurseumane.ro\/it\/servizi\/reges-online-e-amministrazione-del-personale\/#primaryimage"},"image":{"@id":"https:\/\/www.solutiiresurseumane.ro\/it\/servizi\/reges-online-e-amministrazione-del-personale\/#primaryimage"},"thumbnailUrl":"https:\/\/www.solutiiresurseumane.ro\/wp-content\/uploads\/2025\/04\/revisal-2.webp","datePublished":"2024-11-19T18:03:08+00:00","dateModified":"2025-05-13T13:52:32+00:00","description":"Reges Online in outsourcing e amministrazione personale da parte di professionisti altamente qualificati per documenti perfettamente armonizzati con la legislazione.","breadcrumb":{"@id":"https:\/\/www.solutiiresurseumane.ro\/it\/servizi\/reges-online-e-amministrazione-del-personale\/#breadcrumb"},"inLanguage":"it-IT","potentialAction":[{"@type":"ReadAction","target":["https:\/\/www.solutiiresurseumane.ro\/it\/servizi\/reges-online-e-amministrazione-del-personale\/"]}]},{"@type":"ImageObject","inLanguage":"it-IT","@id":"https:\/\/www.solutiiresurseumane.ro\/it\/servizi\/reges-online-e-amministrazione-del-personale\/#primaryimage","url":"https:\/\/www.solutiiresurseumane.ro\/wp-content\/uploads\/2025\/04\/revisal-2.webp","contentUrl":"https:\/\/www.solutiiresurseumane.ro\/wp-content\/uploads\/2025\/04\/revisal-2.webp","width":1280,"height":853,"caption":"Revisal e amministrazione del personale"},{"@type":"BreadcrumbList","@id":"https:\/\/www.solutiiresurseumane.ro\/it\/servizi\/reges-online-e-amministrazione-del-personale\/#breadcrumb","itemListElement":[{"@type":"ListItem","position":1,"name":"Prima pagin\u0103","item":"https:\/\/www.solutiiresurseumane.ro\/it\/"},{"@type":"ListItem","position":2,"name":"Servizi","item":"https:\/\/www.solutiiresurseumane.ro\/it\/servizi\/"},{"@type":"ListItem","position":3,"name":"Reges Online e amministrazione del personale"}]},{"@type":"WebSite","@id":"https:\/\/www.solutiiresurseumane.ro\/it\/#website","url":"https:\/\/www.solutiiresurseumane.ro\/it\/","name":"Bismutika HR","description":"Bismutika HR","publisher":{"@id":"https:\/\/www.solutiiresurseumane.ro\/it\/#organization"},"alternateName":"Bismutika \u2013 Agentie recrutare si full-cycle HR","potentialAction":[{"@type":"SearchAction","target":{"@type":"EntryPoint","urlTemplate":"https:\/\/www.solutiiresurseumane.ro\/it\/?s={search_term_string}"},"query-input":{"@type":"PropertyValueSpecification","valueRequired":true,"valueName":"search_term_string"}}],"inLanguage":"it-IT"},{"@type":"Organization","@id":"https:\/\/www.solutiiresurseumane.ro\/it\/#organization","name":"Bismutika HR","alternateName":"Bismutika HR - Agentie recrutare si full-cycle HR","url":"https:\/\/www.solutiiresurseumane.ro\/it\/","logo":{"@type":"ImageObject","inLanguage":"it-IT","@id":"https:\/\/www.solutiiresurseumane.ro\/it\/#\/schema\/logo\/image\/","url":"https:\/\/www.solutiiresurseumane.ro\/wp-content\/uploads\/2025\/09\/090925_6.png","contentUrl":"https:\/\/www.solutiiresurseumane.ro\/wp-content\/uploads\/2025\/09\/090925_6.png","width":566,"height":193,"caption":"Bismutika HR"},"image":{"@id":"https:\/\/www.solutiiresurseumane.ro\/it\/#\/schema\/logo\/image\/"},"sameAs":["https:\/\/www.linkedin.com\/in\/andreea-nichifor-56561648\/"],"description":"Bismutika ofera servicii de recrutare, executive search si head hunting pentru companiile care doresc sa atraga cei mai buni candidati. Intelegem relatia dintre business si oamenii care il fac profitabil. In companii, cel mai important capital nu sunt oamenii, ci oamenii potriviti.","email":"office@solutiiresurseumane.ro","telephone":"0731 389 641","legalName":"Bismutika - Agentie recrutare si full-cycle HR","foundingDate":"2015-01-28","vatID":"RO34025166","numberOfEmployees":{"@type":"QuantitativeValue","minValue":"1","maxValue":"10"}}]}},"_links":{"self":[{"href":"https:\/\/www.solutiiresurseumane.ro\/it\/wp-json\/wp\/v2\/pages\/17827","targetHints":{"allow":["GET"]}}],"collection":[{"href":"https:\/\/www.solutiiresurseumane.ro\/it\/wp-json\/wp\/v2\/pages"}],"about":[{"href":"https:\/\/www.solutiiresurseumane.ro\/it\/wp-json\/wp\/v2\/types\/page"}],"author":[{"embeddable":true,"href":"https:\/\/www.solutiiresurseumane.ro\/it\/wp-json\/wp\/v2\/users\/1"}],"replies":[{"embeddable":true,"href":"https:\/\/www.solutiiresurseumane.ro\/it\/wp-json\/wp\/v2\/comments?post=17827"}],"version-history":[{"count":15,"href":"https:\/\/www.solutiiresurseumane.ro\/it\/wp-json\/wp\/v2\/pages\/17827\/revisions"}],"predecessor-version":[{"id":19298,"href":"https:\/\/www.solutiiresurseumane.ro\/it\/wp-json\/wp\/v2\/pages\/17827\/revisions\/19298"}],"up":[{"embeddable":true,"href":"https:\/\/www.solutiiresurseumane.ro\/it\/wp-json\/wp\/v2\/pages\/17755"}],"wp:featuredmedia":[{"embeddable":true,"href":"https:\/\/www.solutiiresurseumane.ro\/it\/wp-json\/wp\/v2\/media\/18851"}],"wp:attachment":[{"href":"https:\/\/www.solutiiresurseumane.ro\/it\/wp-json\/wp\/v2\/media?parent=17827"}],"curies":[{"name":"wp","href":"https:\/\/api.w.org\/{rel}","templated":true}]}}