{"id":17805,"date":"2024-10-31T15:58:56","date_gmt":"2024-10-31T13:58:56","guid":{"rendered":"https:\/\/www.solutiiresurseumane.ro\/informativa-sulla-privacy\/"},"modified":"2025-04-01T17:11:33","modified_gmt":"2025-04-01T15:11:33","slug":"informativa-sulla-privacy","status":"publish","type":"page","link":"https:\/\/www.solutiiresurseumane.ro\/it\/informativa-sulla-privacy\/","title":{"rendered":"Informativa sulla privacy"},"content":{"rendered":"\t\t<div data-elementor-type=\"wp-page\" data-elementor-id=\"17805\" class=\"elementor elementor-17805\">\n\t\t\t\t\t\t<section class=\"elementor-section elementor-top-section elementor-element elementor-element-44327ac elementor-section-boxed elementor-section-height-default elementor-section-height-default\" data-id=\"44327ac\" data-element_type=\"section\" data-e-type=\"section\">\n\t\t\t\t\t\t<div class=\"elementor-container elementor-column-gap-default\">\n\t\t\t\t\t<div class=\"elementor-column elementor-col-100 elementor-top-column elementor-element elementor-element-776f6629\" data-id=\"776f6629\" data-element_type=\"column\" data-e-type=\"column\">\n\t\t\t<div class=\"elementor-widget-wrap elementor-element-populated\">\n\t\t\t\t\t\t<div class=\"elementor-element elementor-element-7093580d elementor-widget elementor-widget-text-editor\" data-id=\"7093580d\" data-element_type=\"widget\" data-e-type=\"widget\" data-widget_type=\"text-editor.default\">\n\t\t\t\t<div class=\"elementor-widget-container\">\n\t\t\t\t\t\t\t\t\t\n<h3>1. CHI \u00c8 IL RESPONSABILE DEL TRATTAMENTO DEI TUOI DATI?<\/h3>\n<p style=\"text-align: justify;\">FOX EXPERT SRL, con sede in Romania, \u00e8 il titolare del trattamento dei dati personali, ai sensi della normativa sulla protezione dei dati personali, incluso il GDPR, per quanto riguarda i dati personali degli Utenti raccolti e trattati attraverso il Sito web https:\/\/solutiiresurseumane.ro\/* e\/o nel contesto dei Servizi offerti attraverso o in connessione con il Sito web.<br>Per l&#8217;attivit\u00e0 di trattamento dei dati personali la Societ\u00e0 pu\u00f2 essere contattata utilizzando i seguenti recapiti: office@solutiiresurseumane.ro<\/p>\n<h3>2. QUALI DATI TRATTIAMO?<\/h3>\n<p style=\"text-align: justify;\">La Societ\u00e0 tratta i dati personali che ci fornisci quando utilizzi il Sito, ti registri sulla nostra pagina, contrai un servizio, ti iscrivi alle nostre campagne (e\/o alle campagne organizzate con i nostri partner), desideri ricevere comunicazioni commerciali o partecipare ai nostri sondaggi e questionari, o ci contatti con qualsiasi mezzo di comunicazione Se contatti la nostra societ\u00e0 FOX EXPERT SRL attraverso il modulo di contatto presente sul sito https:\/\/solutiiresurseumane.ro\/, i dati da te comunicati (nome, cognome, indirizzo, telefono, email e qualsiasi altro dato personale comunicato) saranno conservati e trattati solo dopo aver spuntato l&#8217;espressa accettazione in calce al modulo di contatto.Utilizziamo anche cookie e tecnologie simili per riconoscere te e i tuoi dispositivi. Consentiamo anche ad altri di utilizzare i cookie. Le modalit\u00e0 di utilizzo di queste tecnologie sono descritte nella nostra Politica sui cookie.<\/p>\n<h3>3. FORNIRE OFFERTE PERSONALIZZATE<\/h3>\n<p style=\"text-align: justify;\">In determinate situazioni, possiamo utilizzare le informazioni raccolte da te in combinazione con i dati ottenuti dai nostri team di vendita e\/o di marketing sulla tua interazione con la Societ\u00e0 per utilizzarle nel contesto delle nostre comunicazioni di marketing. Vogliamo rendere pi\u00f9 efficace la nostra attivit\u00e0 di marketing fornendo ai nostri clienti prodotti\/servizi pertinenti e personalizzati [Possiamo anche, se acconsenti, eseguire analisi avanzate sui tuoi interessi e sulle tue preferenze derivanti dalle informazioni in nostro possesso sulla tua interazione con noi, nonch\u00e9 combinando dati ottenuti da terze parti (ad esempio attraverso tecnologie di analisi della navigazione web) per fornire comunicazioni di marketing su misura per le tue esigenze e preferenze]. Potremmo effettuare varie relazioni, analisi e studi statistici sulle campagne di marketing organizzate e sul loro successo, sull&#8217;attivit\u00e0 di vendita\/elaborazione.<\/p>\n<h3>4. ESECUZIONE DEL CONTRATTO STIPULATO CON NOI<\/h3>\n<p style=\"text-align: justify;\">Quando richiedi la fornitura di determinati servizi, possiamo trattare alcuni dati personali necessari a tali scopi (ad esempio, nome e cognome, indirizzo di consegna\/fornitura, dati relativi alla transazione, ecc.)<\/p>\n<h3>5. GESTIRE IL RAPPORTO TRA UTENTI E ASSISTENZA<\/h3>\n<p style=\"text-align: justify;\">\u00c8 nostro interesse fornire servizi adeguati attraverso il Sito a tutte le persone che vi accedono. Pertanto, trattiamo una serie di dati personali allo scopo di gestire i rapporti con gli utenti del Sito, ad esempio quando ci contattano con varie domande o richieste relative alle funzionalit\u00e0 del Sito, domande sui servizi offerti dalla Societ\u00e0 attraverso il Sito, ecc. Base giuridica: art. 6(1)(f) GDPR &#8211; legittimo interesse consistente nel nostro interesse a fornire servizi adeguati.  <\/p>\n<h3>6. ANALISI E STATISTICHE RELATIVE AL FUNZIONAMENTO DEL SITO, COOKIE E TECNOLOGIE SIMILI<\/h3>\n<p style=\"text-align: justify;\">Possiamo utilizzare i dati personali che gli Utenti ci forniscono o che raccogliamo nel contesto del loro utilizzo dei Servizi allo scopo di effettuare analisi e statistiche relative ai nostri Servizi, compreso il funzionamento del Sito o l&#8217;offerta dei Servizi. Le analisi e le statistiche che effettuiamo ci aiutano a capire meglio come migliorare i nostri Servizi o la funzionalit\u00e0 del Sito. Nell&#8217;effettuare analisi e statistiche utilizziamo anche cookie e altre tecnologie simili, come indicato nella Politica sui cookie. I cookie e tecnologie simili vengono utilizzati anche per fornire all&#8217;utente pubblicit\u00e0 basata sugli interessi.  <\/p>\n<h3>7. SOCIAL NETWORK<\/h3>\n<p style=\"text-align: justify;\">Abbiamo implementato diversi meccanismi di interconnessione con i siti di social network, come Facebook, Twitter, Youtube e Instagram, per facilitare l&#8217;accesso ai contenuti da noi pubblicati sul Sito o sui nostri account associati su tali social network. Se accedi ai contenuti pubblicati su tali social network o commenti su tali social network, o accedi al Sito tramite il tuo account Facebook, alcuni dati pubblici del tuo profilo su tali social network ci saranno trasmessi dagli operatori di tali social network.  <\/p>\n<h3>8. ADEMPIMENTO DEGLI OBBLIGHI LEGALI<\/h3>\n<p>Talvolta il trattamento dei dati \u00e8 necessario per adempiere ai nostri obblighi di legge, come ad esempio: <br>&#8211; la segnalazione alle autorit\u00e0 fiscali competenti e la tenuta dei registri contabili; <br>&#8211; l&#8217;archiviazione dei dati in conformit\u00e0 alle leggi vigenti.<\/p>\n<h3>9. DIFESA DEI DIRITTI E DEGLI INTERESSI NELLA GIUSTIZIA<\/h3>\n<p style=\"text-align: justify;\">Per l&#8217;accertamento, l&#8217;esercizio o la difesa di una pretesa legale in un procedimento giudiziario davanti a un tribunale, in un procedimento amministrativo o in un altro procedimento ufficiale in cui la Societ\u00e0 \u00e8 coinvolta.<\/p>\n<h3>10. DI CHI SONO I DATI CHE DIVULGHIAMO<\/h3>\n<p style=\"text-align: justify;\">Potremmo divulgare i tuoi dati personali a (i) entit\u00e0 e\/o persone da noi incaricate (nel SEE o in paesi terzi) coinvolte nella fornitura dei Servizi, inclusa la fornitura di comunicazioni di marketing (ad esempio a fornitori di centri dati, fornitori di servizi di pagamento per vari strumenti di pagamento, fornitori di piattaforme di invio di e-mail come Google Mail), o se abbiamo l&#8217;obbligo di divulgare i dati personali per ottemperare a un obbligo legale o a una decisione di un&#8217;autorit\u00e0 giudiziaria, di un&#8217;autorit\u00e0 pubblica o di un ente governativo; o (iii) se ci viene richiesto o altrimenti consentito di farlo ai sensi della legge applicabile.I tuoi dati personali potranno inoltre essere divulgati a fornitori terzi di cookie e tecnologie simili, come descritto nella Politica sui cookie.<\/p>\n<h3>11. PER QUANTO TEMPO CONSERVIAMO I DATI<\/h3>\n<p style=\"text-align: justify;\">Conserviamo i tuoi dati personali per il tempo necessario a soddisfare le finalit\u00e0 per cui sono stati raccolti, in conformit\u00e0 con le nostre procedure interne di conservazione dei dati, comprese le norme di archiviazione applicabili. Ad esempio, se sei un nostro cliente, i tuoi dati personali saranno conservati per tutta la durata del rapporto contrattuale, pi\u00f9 un periodo minimo di 3 anni dopo la cessazione (il periodo di prescrizione per le azioni legali). Successivamente, alcuni dati personali potranno essere conservati per un periodo pi\u00f9 lungo ai fini dell&#8217;archiviazione, in conformit\u00e0 alle norme di archiviazione applicabili.   <\/p>\n<h3>12. QUALI SONO I TUOI DIRITTI IN QUANTO INTERESSATO?<\/h3>\n<p style=\"text-align: justify;\">In base alla legge, ti sono riconosciuti i seguenti diritti in qualit\u00e0 di soggetto interessato:<br>a) Diritto di accesso puoi ottenere da noi la conferma che trattiamo i tuoi dati personali, nonch\u00e9 informazioni sulle specifiche del trattamento<br>b) Diritto di modifica puoi chiederci di modificare i tuoi dati personali che non sono corretti o, se del caso, di completare i dati che sono incompleti.<br>c) Diritto alla cancellazione puoi richiedere la cancellazione dei tuoi dati personali qualora: (i) non siano pi\u00f9 necessari per le finalit\u00e0 per cui li raccogliamo e li trattiamo; (ii) tu abbia ritirato il tuo consenso al trattamento dei dati e noi non possiamo pi\u00f9 trattarli per altri motivi legittimi; (iii) i dati siano trattati in modo contrario alla legge; o (iv) i dati debbano essere cancellati in conformit\u00e0 alla legislazione in materia.<br>d) Revoca del consenso e diritto di opposizione Puoi revocare il tuo consenso al trattamento dei dati basato sul tuo consenso in qualsiasi momento. Potrai inoltre opporti in qualsiasi momento al trattamento per finalit\u00e0 di marketing, compresa la profilazione effettuata a tale scopo, nonch\u00e9 al trattamento basato sul legittimo interesse della Societ\u00e0, per motivi legati alla tua situazione. <br> e) Restrizione In determinate condizioni puoi richiedere la restrizione del trattamento dei tuoi dati. Personal<br>f) Diritto alla portabilit\u00e0 dei dati nella misura in cui i dati vengono trattati con mezzi automatizzati, puoi, nel rispetto della legge, chiederci di fornirti i tuoi dati in una forma strutturata, di uso frequente e leggibile da dispositivo automatico. Se ci richiedi di farlo, potremo trasmettere i tuoi dati a un&#8217;altra entit\u00e0, se tecnicamente possibile.<br>g) Diritto di proporre reclamo all&#8217;autorit\u00e0 di controllo Hai il diritto di proporre reclamo all&#8217;autorit\u00e0 di controllo del trattamento dei dati se ritieni che i tuoi diritti siano stati violati: Autoritatea Nationala pentru Supravegerea Dateelor cu Caracter Personal din Romania B-dul G-ral. Gheorghe Magheru 28-30 Sector 1, cod postal 010336 Bucuresti, Romania anspdcp@dataprotection.ro<br> Per esercitare i diritti sopra menzionati, puoi contattarci utilizzando l&#8217;indirizzo e-mail: office@solutiiresurseumane.ro             <\/p>\n\t\t\t\t\t\t\t\t<\/div>\n\t\t\t\t<\/div>\n\t\t\t\t\t<\/div>\n\t\t<\/div>\n\t\t\t\t\t<\/div>\n\t\t<\/section>\n\t\t\t\t<\/div>\n\t\t","protected":false},"excerpt":{"rendered":"<p>1. CHI \u00c8 IL RESPONSABILE DEL TRATTAMENTO DEI TUOI DATI? FOX EXPERT SRL, con sede in Romania, \u00e8 il titolare del trattamento dei dati personali, ai sensi della normativa sulla protezione dei dati personali, incluso il GDPR, per quanto riguarda i dati personali degli Utenti raccolti e trattati attraverso il Sito web https:\/\/solutiiresurseumane.ro\/* e\/o nel&#8230;<\/p>\n","protected":false},"author":1,"featured_media":0,"parent":0,"menu_order":0,"comment_status":"closed","ping_status":"closed","template":"","meta":{"_acf_changed":false,"footnotes":""},"class_list":["post-17805","page","type-page","status-publish","hentry"],"acf":[],"yoast_head":"<!-- This site is optimized with the Yoast SEO Premium plugin v27.6 (Yoast SEO v27.6) - https:\/\/yoast.com\/product\/yoast-seo-premium-wordpress\/ -->\n<title>Informativa sulla privacy - Angajare, Assessment Center, Dezvoltare Resurse Umane<\/title>\n<meta name=\"description\" content=\"1. CHI \u00c8 IL RESPONSABILE DEL TRATTAMENTO DEI TUOI DATI? FOX EXPERT SRL, con sede in Romania, \u00e8 il titolare del trattamento dei dati personali, ai sensi\" \/>\n<meta name=\"robots\" content=\"index, follow, max-snippet:-1, max-image-preview:large, max-video-preview:-1\" \/>\n<link rel=\"canonical\" href=\"https:\/\/www.solutiiresurseumane.ro\/it\/informativa-sulla-privacy\/\" \/>\n<meta property=\"og:locale\" content=\"it_IT\" \/>\n<meta property=\"og:type\" content=\"article\" \/>\n<meta property=\"og:title\" content=\"Informativa sulla privacy\" \/>\n<meta property=\"og:description\" content=\"1. CHI \u00c8 IL RESPONSABILE DEL TRATTAMENTO DEI TUOI DATI? FOX EXPERT SRL, con sede in Romania, \u00e8 il titolare del trattamento dei dati personali, ai sensi\" \/>\n<meta property=\"og:url\" content=\"https:\/\/www.solutiiresurseumane.ro\/it\/informativa-sulla-privacy\/\" \/>\n<meta property=\"og:site_name\" content=\"Angajare, Assessment Center, Dezvoltare Resurse Umane\" \/>\n<meta property=\"article:modified_time\" content=\"2025-04-01T15:11:33+00:00\" \/>\n<meta property=\"og:image\" content=\"https:\/\/www.solutiiresurseumane.ro\/wp-content\/uploads\/2025\/09\/090925_6.png\" \/>\n\t<meta property=\"og:image:width\" content=\"566\" \/>\n\t<meta property=\"og:image:height\" content=\"193\" \/>\n\t<meta property=\"og:image:type\" content=\"image\/png\" \/>\n<meta name=\"twitter:card\" content=\"summary_large_image\" \/>\n<meta name=\"twitter:label1\" content=\"Tempo di lettura stimato\" \/>\n\t<meta name=\"twitter:data1\" content=\"8 minuti\" \/>\n<script type=\"application\/ld+json\" class=\"yoast-schema-graph\">{\"@context\":\"https:\\\/\\\/schema.org\",\"@graph\":[{\"@type\":\"WebPage\",\"@id\":\"https:\\\/\\\/www.solutiiresurseumane.ro\\\/it\\\/informativa-sulla-privacy\\\/\",\"url\":\"https:\\\/\\\/www.solutiiresurseumane.ro\\\/it\\\/informativa-sulla-privacy\\\/\",\"name\":\"Informativa sulla privacy - Angajare, Assessment Center, Dezvoltare Resurse Umane\",\"isPartOf\":{\"@id\":\"https:\\\/\\\/www.solutiiresurseumane.ro\\\/it\\\/#website\"},\"datePublished\":\"2024-10-31T13:58:56+00:00\",\"dateModified\":\"2025-04-01T15:11:33+00:00\",\"description\":\"1. CHI \u00c8 IL RESPONSABILE DEL TRATTAMENTO DEI TUOI DATI? FOX EXPERT SRL, con sede in Romania, \u00e8 il titolare del trattamento dei dati personali, ai sensi\",\"breadcrumb\":{\"@id\":\"https:\\\/\\\/www.solutiiresurseumane.ro\\\/it\\\/informativa-sulla-privacy\\\/#breadcrumb\"},\"inLanguage\":\"it-IT\",\"potentialAction\":[{\"@type\":\"ReadAction\",\"target\":[\"https:\\\/\\\/www.solutiiresurseumane.ro\\\/it\\\/informativa-sulla-privacy\\\/\"]}]},{\"@type\":\"BreadcrumbList\",\"@id\":\"https:\\\/\\\/www.solutiiresurseumane.ro\\\/it\\\/informativa-sulla-privacy\\\/#breadcrumb\",\"itemListElement\":[{\"@type\":\"ListItem\",\"position\":1,\"name\":\"Prima pagin\u0103\",\"item\":\"https:\\\/\\\/www.solutiiresurseumane.ro\\\/it\\\/\"},{\"@type\":\"ListItem\",\"position\":2,\"name\":\"Informativa sulla privacy\"}]},{\"@type\":\"WebSite\",\"@id\":\"https:\\\/\\\/www.solutiiresurseumane.ro\\\/it\\\/#website\",\"url\":\"https:\\\/\\\/www.solutiiresurseumane.ro\\\/it\\\/\",\"name\":\"Bismutika HR\",\"description\":\"Bismutika HR\",\"publisher\":{\"@id\":\"https:\\\/\\\/www.solutiiresurseumane.ro\\\/it\\\/#organization\"},\"alternateName\":\"Bismutika \u2013 Agentie recrutare si full-cycle HR\",\"potentialAction\":[{\"@type\":\"SearchAction\",\"target\":{\"@type\":\"EntryPoint\",\"urlTemplate\":\"https:\\\/\\\/www.solutiiresurseumane.ro\\\/it\\\/?s={search_term_string}\"},\"query-input\":{\"@type\":\"PropertyValueSpecification\",\"valueRequired\":true,\"valueName\":\"search_term_string\"}}],\"inLanguage\":\"it-IT\"},{\"@type\":\"Organization\",\"@id\":\"https:\\\/\\\/www.solutiiresurseumane.ro\\\/it\\\/#organization\",\"name\":\"Bismutika HR\",\"alternateName\":\"Bismutika HR - Agentie recrutare si full-cycle HR\",\"url\":\"https:\\\/\\\/www.solutiiresurseumane.ro\\\/it\\\/\",\"logo\":{\"@type\":\"ImageObject\",\"inLanguage\":\"it-IT\",\"@id\":\"https:\\\/\\\/www.solutiiresurseumane.ro\\\/it\\\/#\\\/schema\\\/logo\\\/image\\\/\",\"url\":\"https:\\\/\\\/www.solutiiresurseumane.ro\\\/wp-content\\\/uploads\\\/2025\\\/09\\\/090925_6.png\",\"contentUrl\":\"https:\\\/\\\/www.solutiiresurseumane.ro\\\/wp-content\\\/uploads\\\/2025\\\/09\\\/090925_6.png\",\"width\":566,\"height\":193,\"caption\":\"Bismutika HR\"},\"image\":{\"@id\":\"https:\\\/\\\/www.solutiiresurseumane.ro\\\/it\\\/#\\\/schema\\\/logo\\\/image\\\/\"},\"sameAs\":[\"https:\\\/\\\/www.linkedin.com\\\/in\\\/andreea-nichifor-56561648\\\/\"],\"description\":\"Bismutika ofera servicii de recrutare, executive search si head hunting pentru companiile care doresc sa atraga cei mai buni candidati. Intelegem relatia dintre business si oamenii care il fac profitabil. In companii, cel mai important capital nu sunt oamenii, ci oamenii potriviti.\",\"email\":\"office@solutiiresurseumane.ro\",\"telephone\":\"0731 389 641\",\"legalName\":\"Bismutika - Agentie recrutare si full-cycle HR\",\"foundingDate\":\"2015-01-28\",\"vatID\":\"RO34025166\",\"numberOfEmployees\":{\"@type\":\"QuantitativeValue\",\"minValue\":\"1\",\"maxValue\":\"10\"}}]}<\/script>\n<!-- \/ Yoast SEO Premium plugin. -->","yoast_head_json":{"title":"Informativa sulla privacy - Angajare, Assessment Center, Dezvoltare Resurse Umane","description":"1. CHI \u00c8 IL RESPONSABILE DEL TRATTAMENTO DEI TUOI DATI? FOX EXPERT SRL, con sede in Romania, \u00e8 il titolare del trattamento dei dati personali, ai sensi","robots":{"index":"index","follow":"follow","max-snippet":"max-snippet:-1","max-image-preview":"max-image-preview:large","max-video-preview":"max-video-preview:-1"},"canonical":"https:\/\/www.solutiiresurseumane.ro\/it\/informativa-sulla-privacy\/","og_locale":"it_IT","og_type":"article","og_title":"Informativa sulla privacy","og_description":"1. CHI \u00c8 IL RESPONSABILE DEL TRATTAMENTO DEI TUOI DATI? FOX EXPERT SRL, con sede in Romania, \u00e8 il titolare del trattamento dei dati personali, ai sensi","og_url":"https:\/\/www.solutiiresurseumane.ro\/it\/informativa-sulla-privacy\/","og_site_name":"Angajare, Assessment Center, Dezvoltare Resurse Umane","article_modified_time":"2025-04-01T15:11:33+00:00","og_image":[{"width":566,"height":193,"url":"https:\/\/www.solutiiresurseumane.ro\/wp-content\/uploads\/2025\/09\/090925_6.png","type":"image\/png"}],"twitter_card":"summary_large_image","twitter_misc":{"Tempo di lettura stimato":"8 minuti"},"schema":{"@context":"https:\/\/schema.org","@graph":[{"@type":"WebPage","@id":"https:\/\/www.solutiiresurseumane.ro\/it\/informativa-sulla-privacy\/","url":"https:\/\/www.solutiiresurseumane.ro\/it\/informativa-sulla-privacy\/","name":"Informativa sulla privacy - Angajare, Assessment Center, Dezvoltare Resurse Umane","isPartOf":{"@id":"https:\/\/www.solutiiresurseumane.ro\/it\/#website"},"datePublished":"2024-10-31T13:58:56+00:00","dateModified":"2025-04-01T15:11:33+00:00","description":"1. CHI \u00c8 IL RESPONSABILE DEL TRATTAMENTO DEI TUOI DATI? FOX EXPERT SRL, con sede in Romania, \u00e8 il titolare del trattamento dei dati personali, ai sensi","breadcrumb":{"@id":"https:\/\/www.solutiiresurseumane.ro\/it\/informativa-sulla-privacy\/#breadcrumb"},"inLanguage":"it-IT","potentialAction":[{"@type":"ReadAction","target":["https:\/\/www.solutiiresurseumane.ro\/it\/informativa-sulla-privacy\/"]}]},{"@type":"BreadcrumbList","@id":"https:\/\/www.solutiiresurseumane.ro\/it\/informativa-sulla-privacy\/#breadcrumb","itemListElement":[{"@type":"ListItem","position":1,"name":"Prima pagin\u0103","item":"https:\/\/www.solutiiresurseumane.ro\/it\/"},{"@type":"ListItem","position":2,"name":"Informativa sulla privacy"}]},{"@type":"WebSite","@id":"https:\/\/www.solutiiresurseumane.ro\/it\/#website","url":"https:\/\/www.solutiiresurseumane.ro\/it\/","name":"Bismutika HR","description":"Bismutika HR","publisher":{"@id":"https:\/\/www.solutiiresurseumane.ro\/it\/#organization"},"alternateName":"Bismutika \u2013 Agentie recrutare si full-cycle HR","potentialAction":[{"@type":"SearchAction","target":{"@type":"EntryPoint","urlTemplate":"https:\/\/www.solutiiresurseumane.ro\/it\/?s={search_term_string}"},"query-input":{"@type":"PropertyValueSpecification","valueRequired":true,"valueName":"search_term_string"}}],"inLanguage":"it-IT"},{"@type":"Organization","@id":"https:\/\/www.solutiiresurseumane.ro\/it\/#organization","name":"Bismutika HR","alternateName":"Bismutika HR - Agentie recrutare si full-cycle HR","url":"https:\/\/www.solutiiresurseumane.ro\/it\/","logo":{"@type":"ImageObject","inLanguage":"it-IT","@id":"https:\/\/www.solutiiresurseumane.ro\/it\/#\/schema\/logo\/image\/","url":"https:\/\/www.solutiiresurseumane.ro\/wp-content\/uploads\/2025\/09\/090925_6.png","contentUrl":"https:\/\/www.solutiiresurseumane.ro\/wp-content\/uploads\/2025\/09\/090925_6.png","width":566,"height":193,"caption":"Bismutika HR"},"image":{"@id":"https:\/\/www.solutiiresurseumane.ro\/it\/#\/schema\/logo\/image\/"},"sameAs":["https:\/\/www.linkedin.com\/in\/andreea-nichifor-56561648\/"],"description":"Bismutika ofera servicii de recrutare, executive search si head hunting pentru companiile care doresc sa atraga cei mai buni candidati. Intelegem relatia dintre business si oamenii care il fac profitabil. In companii, cel mai important capital nu sunt oamenii, ci oamenii potriviti.","email":"office@solutiiresurseumane.ro","telephone":"0731 389 641","legalName":"Bismutika - Agentie recrutare si full-cycle HR","foundingDate":"2015-01-28","vatID":"RO34025166","numberOfEmployees":{"@type":"QuantitativeValue","minValue":"1","maxValue":"10"}}]}},"_links":{"self":[{"href":"https:\/\/www.solutiiresurseumane.ro\/it\/wp-json\/wp\/v2\/pages\/17805","targetHints":{"allow":["GET"]}}],"collection":[{"href":"https:\/\/www.solutiiresurseumane.ro\/it\/wp-json\/wp\/v2\/pages"}],"about":[{"href":"https:\/\/www.solutiiresurseumane.ro\/it\/wp-json\/wp\/v2\/types\/page"}],"author":[{"embeddable":true,"href":"https:\/\/www.solutiiresurseumane.ro\/it\/wp-json\/wp\/v2\/users\/1"}],"replies":[{"embeddable":true,"href":"https:\/\/www.solutiiresurseumane.ro\/it\/wp-json\/wp\/v2\/comments?post=17805"}],"version-history":[{"count":12,"href":"https:\/\/www.solutiiresurseumane.ro\/it\/wp-json\/wp\/v2\/pages\/17805\/revisions"}],"predecessor-version":[{"id":18201,"href":"https:\/\/www.solutiiresurseumane.ro\/it\/wp-json\/wp\/v2\/pages\/17805\/revisions\/18201"}],"wp:attachment":[{"href":"https:\/\/www.solutiiresurseumane.ro\/it\/wp-json\/wp\/v2\/media?parent=17805"}],"curies":[{"name":"wp","href":"https:\/\/api.w.org\/{rel}","templated":true}]}}