{"id":17726,"date":"2024-11-20T07:58:57","date_gmt":"2024-11-20T05:58:57","guid":{"rendered":"https:\/\/www.solutiiresurseumane.ro\/richiesta-di-offerta\/"},"modified":"2025-04-25T09:38:15","modified_gmt":"2025-04-25T07:38:15","slug":"richiesta-di-offerta","status":"publish","type":"page","link":"https:\/\/www.solutiiresurseumane.ro\/it\/richiesta-di-offerta\/","title":{"rendered":"Richiesta di offerta"},"content":{"rendered":"\t\t<div data-elementor-type=\"wp-page\" data-elementor-id=\"17726\" class=\"elementor elementor-17726\">\n\t\t\t\t\t\t<section class=\"elementor-section elementor-top-section elementor-element elementor-element-e7d23d1 elementor-section-content-middle animated-slow elementor-section-full_width elementor-section-height-default elementor-section-height-default\" data-id=\"e7d23d1\" data-element_type=\"section\" data-e-type=\"section\" data-settings=\"{&quot;animation&quot;:&quot;none&quot;,&quot;animation_delay&quot;:1000}\">\n\t\t\t\t\t\t<div class=\"elementor-container elementor-column-gap-wide\">\n\t\t\t\t\t<div class=\"elementor-column elementor-col-100 elementor-top-column elementor-element elementor-element-51ef7ad\" data-id=\"51ef7ad\" data-element_type=\"column\" data-e-type=\"column\">\n\t\t\t<div class=\"elementor-widget-wrap elementor-element-populated\">\n\t\t\t\t\t\t<div class=\"elementor-element elementor-element-d380ec3 elementor-widget elementor-widget-spacer\" data-id=\"d380ec3\" data-element_type=\"widget\" data-e-type=\"widget\" data-widget_type=\"spacer.default\">\n\t\t\t\t<div class=\"elementor-widget-container\">\n\t\t\t\t\t\t\t<div class=\"elementor-spacer\">\n\t\t\t<div class=\"elementor-spacer-inner\"><\/div>\n\t\t<\/div>\n\t\t\t\t\t\t<\/div>\n\t\t\t\t<\/div>\n\t\t\t\t\t<\/div>\n\t\t<\/div>\n\t\t\t\t\t<\/div>\n\t\t<\/section>\n\t\t\t\t<section class=\"elementor-section elementor-top-section elementor-element elementor-element-8994b1a elementor-section-content-middle animated-slow elementor-section-boxed elementor-section-height-default elementor-section-height-default\" data-id=\"8994b1a\" data-element_type=\"section\" data-e-type=\"section\" data-settings=\"{&quot;animation&quot;:&quot;none&quot;,&quot;animation_delay&quot;:1000}\">\n\t\t\t\t\t\t<div class=\"elementor-container elementor-column-gap-default\">\n\t\t\t\t\t<div class=\"elementor-column elementor-col-100 elementor-top-column elementor-element elementor-element-711391e\" data-id=\"711391e\" data-element_type=\"column\" data-e-type=\"column\">\n\t\t\t<div class=\"elementor-widget-wrap elementor-element-populated\">\n\t\t\t\t\t\t<div class=\"elementor-element elementor-element-393af19 elementor-widget elementor-widget-heading\" data-id=\"393af19\" data-element_type=\"widget\" data-e-type=\"widget\" data-widget_type=\"heading.default\">\n\t\t\t\t<div class=\"elementor-widget-container\">\n\t\t\t\t\t<h2 class=\"elementor-heading-title elementor-size-default\">Informazioni preliminari<\/h2>\t\t\t\t<\/div>\n\t\t\t\t<\/div>\n\t\t\t\t<div class=\"elementor-element elementor-element-d77fcb3 elementor-widget elementor-widget-text-editor\" data-id=\"d77fcb3\" data-element_type=\"widget\" data-e-type=\"widget\" data-widget_type=\"text-editor.default\">\n\t\t\t\t<div class=\"elementor-widget-container\">\n\t\t\t\t\t\t\t\t\t<p>Vuoi saperne di pi\u00f9 sui nostri servizi e ricevere un&#8217;offerta personalizzata per ci\u00f2 di cui hai bisogno?<\/p>\t\t\t\t\t\t\t\t<\/div>\n\t\t\t\t<\/div>\n\t\t\t\t<div class=\"elementor-element elementor-element-7c67704 elementor-widget elementor-widget-rs-cf7\" data-id=\"7c67704\" data-element_type=\"widget\" data-e-type=\"widget\" data-widget_type=\"rs-cf7.default\">\n\t\t\t\t<div class=\"elementor-widget-container\">\n\t\t\t\t\t\n<div class=\"wpcf7 no-js\" id=\"wpcf7-f14670-o1\" lang=\"ro-RO\" dir=\"ltr\" data-wpcf7-id=\"14670\">\n<div class=\"screen-reader-response\"><p role=\"status\" aria-live=\"polite\" aria-atomic=\"true\"><\/p> <ul><\/ul><\/div>\n<form action=\"\/it\/wp-json\/wp\/v2\/pages\/17726#wpcf7-f14670-o1\" method=\"post\" class=\"wpcf7-form init\" aria-label=\"Formular de contact\" novalidate=\"novalidate\" data-status=\"init\">\n<fieldset class=\"hidden-fields-container\"><input type=\"hidden\" name=\"_wpcf7\" value=\"14670\" \/><input type=\"hidden\" name=\"_wpcf7_version\" value=\"6.1.5\" \/><input type=\"hidden\" name=\"_wpcf7_locale\" value=\"ro_RO\" \/><input type=\"hidden\" name=\"_wpcf7_unit_tag\" value=\"wpcf7-f14670-o1\" \/><input type=\"hidden\" name=\"_wpcf7_container_post\" value=\"0\" \/><input type=\"hidden\" name=\"_wpcf7_posted_data_hash\" value=\"\" \/>\n<\/fieldset>\n<div class=\"row\">\n\t<div class=\"col-sm-6\">\n\t\t<p><label> Denumire Societate <span class=\"wpcf7-form-control-wrap\" data-name=\"your-societate\"><input size=\"40\" maxlength=\"400\" class=\"wpcf7-form-control wpcf7-text\" autocomplete=\"societate\" aria-invalid=\"false\" value=\"\" type=\"text\" name=\"your-societate\" \/><\/span> <\/label>\n\t\t<\/p>\n\t<\/div>\n\t<div class=\"col-sm-6\">\n\t\t<p><label> Localitatea <span class=\"wpcf7-form-control-wrap\" data-name=\"your-localitate\"><input size=\"40\" maxlength=\"400\" class=\"wpcf7-form-control wpcf7-text\" autocomplete=\"localitate\" aria-invalid=\"false\" value=\"\" type=\"text\" name=\"your-localitate\" \/><\/span> <\/label>\n\t\t<\/p>\n\t<\/div>\n\t<div class=\"col-sm-6\">\n\t\t<p><label> Numele t\u0103u <span class=\"wpcf7-form-control-wrap\" data-name=\"your-name\"><input size=\"40\" maxlength=\"400\" class=\"wpcf7-form-control wpcf7-text wpcf7-validates-as-required\" autocomplete=\"nume\" aria-required=\"true\" aria-invalid=\"false\" value=\"\" type=\"text\" name=\"your-name\" \/><\/span> <\/label>\n\t\t<\/p>\n\t<\/div>\n\t<div class=\"col-sm-6\">\n\t\t<p><label> Functia (optional) <span class=\"wpcf7-form-control-wrap\" data-name=\"your-functia\"><input size=\"40\" maxlength=\"400\" class=\"wpcf7-form-control wpcf7-text\" autocomplete=\"functia\" aria-invalid=\"false\" value=\"\" type=\"text\" name=\"your-functia\" \/><\/span> <\/label>\n\t\t<\/p>\n\t<\/div>\n\t<div class=\"col-sm-6\">\n\t\t<p><label> Adresa ta de email <span class=\"wpcf7-form-control-wrap\" data-name=\"your-email\"><input size=\"40\" maxlength=\"400\" class=\"wpcf7-form-control wpcf7-email wpcf7-validates-as-required wpcf7-text wpcf7-validates-as-email\" autocomplete=\"email\" aria-required=\"true\" aria-invalid=\"false\" value=\"\" type=\"email\" name=\"your-email\" \/><\/span> <\/label>\n\t\t<\/p>\n\t<\/div>\n\t<div class=\"col-sm-6\">\n\t\t<p><label> Telefon <span class=\"wpcf7-form-control-wrap\" data-name=\"telefon\"><input size=\"40\" maxlength=\"400\" class=\"wpcf7-form-control wpcf7-tel wpcf7-validates-as-required wpcf7-text wpcf7-validates-as-tel\" autocomplete=\"telefon\" aria-required=\"true\" aria-invalid=\"false\" value=\"\" type=\"tel\" name=\"telefon\" \/><\/span><\/label>\n\t\t<\/p>\n\t<\/div>\n\t<div class=\"col-sm-6\">\n\t\t<p><label> Serviciile de care sunteti interesati:<\/label><br \/>\n<span class=\"wpcf7-form-control-wrap\" data-name=\"servicii\"><span class=\"wpcf7-form-control wpcf7-checkbox wpcf7-validates-as-required\"><span class=\"wpcf7-list-item first\"><label><input type=\"checkbox\" name=\"servicii[]\" value=\"Recrutare si selectie personal (Executive search)\" \/><span class=\"wpcf7-list-item-label\">Recrutare si selectie personal (Executive search)<\/span><\/label><\/span><span class=\"wpcf7-list-item\"><label><input type=\"checkbox\" name=\"servicii[]\" value=\"Administrare personal si salarizare\" \/><span class=\"wpcf7-list-item-label\">Administrare personal si salarizare<\/span><\/label><\/span><span class=\"wpcf7-list-item\"><label><input type=\"checkbox\" name=\"servicii[]\" value=\"Studii organizationale si Employer Branding\" \/><span class=\"wpcf7-list-item-label\">Studii organizationale si Employer Branding<\/span><\/label><\/span><span class=\"wpcf7-list-item\"><label><input type=\"checkbox\" name=\"servicii[]\" value=\"Consultanta HR\" \/><span class=\"wpcf7-list-item-label\">Consultanta HR<\/span><\/label><\/span><span class=\"wpcf7-list-item\"><label><input type=\"checkbox\" name=\"servicii[]\" value=\"Negociere Contract Colectiv de Munca (CCM)\" \/><span class=\"wpcf7-list-item-label\">Negociere Contract Colectiv de Munca (CCM)<\/span><\/label><\/span><span class=\"wpcf7-list-item\"><label><input type=\"checkbox\" name=\"servicii[]\" value=\"Procedura cercetare disciplinara\" \/><span class=\"wpcf7-list-item-label\">Procedura cercetare disciplinara<\/span><\/label><\/span><span class=\"wpcf7-list-item\"><label><input type=\"checkbox\" name=\"servicii[]\" value=\"Recrutare si selectie personal Asia\" \/><span class=\"wpcf7-list-item-label\">Recrutare si selectie personal Asia<\/span><\/label><\/span><span class=\"wpcf7-list-item\"><label><input type=\"checkbox\" name=\"servicii[]\" value=\"Servicii pentru expati\" \/><span class=\"wpcf7-list-item-label\">Servicii pentru expati<\/span><\/label><\/span><span class=\"wpcf7-list-item last\"><label><input type=\"checkbox\" name=\"servicii[]\" value=\"Altele (furnizati detalii in caseta urmatoare)\" \/><span class=\"wpcf7-list-item-label\">Altele (furnizati detalii in caseta urmatoare)<\/span><\/label><\/span><\/span><\/span>\n\t\t<\/p>\n\t<\/div>\n\t<div class=\"col-sm-12\">\n\t\t<p><label> <span class=\"wpcf7-form-control-wrap\" data-name=\"your-message\"><textarea cols=\"40\" rows=\"10\" maxlength=\"2000\" class=\"wpcf7-form-control wpcf7-textarea\" autocomplete=\"mai\" aria-invalid=\"false\" name=\"your-message\"><\/textarea><\/span> <\/label>\n\t\t<\/p>\n\t<\/div>\n\t<p><span class=\"wpcf7-form-control-wrap\" data-name=\"acceptance-561\"><span class=\"wpcf7-form-control wpcf7-acceptance optional\"><span class=\"wpcf7-list-item\"><label><input type=\"checkbox\" name=\"acceptance-561\" value=\"1\" aria-invalid=\"false\" \/><span class=\"wpcf7-list-item-label\">Sunt de acord cu <a href=\"https:\/\/solutiiresurseumane.ro\/politica-de-confidentialitate\/\" target=\"_blank\">Politica de Confidentialitate<\/a><\/span><\/label><\/span><\/span><\/span><br \/>\n<input class=\"wpcf7-form-control wpcf7-submit has-spinner\" type=\"submit\" value=\"Trimite\" \/>\n\t<\/p>\n<\/div><div class=\"wpcf7-response-output\" aria-hidden=\"true\"><\/div>\n<\/form>\n<\/div>\n\t\t\t\t<\/div>\n\t\t\t\t<\/div>\n\t\t\t\t\t<\/div>\n\t\t<\/div>\n\t\t\t\t\t<\/div>\n\t\t<\/section>\n\t\t\t\t<\/div>\n\t\t","protected":false},"excerpt":{"rendered":"<p>Informazioni preliminari Vuoi saperne di pi\u00f9 sui nostri servizi e ricevere un&#8217;offerta personalizzata per ci\u00f2 di cui hai bisogno? Denumire Societate Localitatea Numele t\u0103u Functia (optional) Adresa ta de email Telefon Serviciile de care sunteti interesati: Recrutare si selectie personal (Executive search)Administrare personal si salarizareStudii organizationale si Employer BrandingConsultanta HRNegociere Contract Colectiv de Munca (CCM)Procedura&#8230;<\/p>\n","protected":false},"author":1,"featured_media":0,"parent":0,"menu_order":0,"comment_status":"closed","ping_status":"closed","template":"","meta":{"_acf_changed":false,"footnotes":""},"class_list":["post-17726","page","type-page","status-publish","hentry"],"acf":[],"yoast_head":"<!-- This site is optimized with the Yoast SEO Premium plugin v27.3 (Yoast SEO v27.5) - https:\/\/yoast.com\/product\/yoast-seo-premium-wordpress\/ -->\n<title>Richiesta di offerta - Angajare, Assessment Center, Dezvoltare Resurse Umane<\/title>\n<meta name=\"description\" content=\"Informazioni preliminari Vuoi saperne di pi\u00f9 sui nostri servizi e ricevere un&#039;offerta personalizzata per ci\u00f2 di cui hai bisogno? Denumire Societate\" \/>\n<meta name=\"robots\" content=\"index, follow, max-snippet:-1, max-image-preview:large, max-video-preview:-1\" \/>\n<link rel=\"canonical\" href=\"https:\/\/www.solutiiresurseumane.ro\/it\/richiesta-di-offerta\/\" \/>\n<meta property=\"og:locale\" content=\"it_IT\" \/>\n<meta property=\"og:type\" content=\"article\" \/>\n<meta property=\"og:title\" content=\"Richiesta di offerta\" \/>\n<meta property=\"og:description\" content=\"Informazioni preliminari Vuoi saperne di pi\u00f9 sui nostri servizi e ricevere un&#039;offerta personalizzata per ci\u00f2 di cui hai bisogno? Denumire Societate\" \/>\n<meta property=\"og:url\" content=\"https:\/\/www.solutiiresurseumane.ro\/it\/richiesta-di-offerta\/\" \/>\n<meta property=\"og:site_name\" content=\"Angajare, Assessment Center, Dezvoltare Resurse Umane\" \/>\n<meta property=\"article:modified_time\" content=\"2025-04-25T07:38:15+00:00\" \/>\n<meta property=\"og:image\" content=\"https:\/\/www.solutiiresurseumane.ro\/wp-content\/uploads\/2025\/09\/090925_6.png\" \/>\n\t<meta property=\"og:image:width\" content=\"566\" \/>\n\t<meta property=\"og:image:height\" content=\"193\" \/>\n\t<meta property=\"og:image:type\" content=\"image\/png\" \/>\n<meta name=\"twitter:card\" content=\"summary_large_image\" \/>\n<meta name=\"twitter:label1\" content=\"Tempo di lettura stimato\" \/>\n\t<meta name=\"twitter:data1\" content=\"1 minuto\" \/>\n<script type=\"application\/ld+json\" class=\"yoast-schema-graph\">{\"@context\":\"https:\\\/\\\/schema.org\",\"@graph\":[{\"@type\":\"WebPage\",\"@id\":\"https:\\\/\\\/www.solutiiresurseumane.ro\\\/it\\\/richiesta-di-offerta\\\/\",\"url\":\"https:\\\/\\\/www.solutiiresurseumane.ro\\\/it\\\/richiesta-di-offerta\\\/\",\"name\":\"Richiesta di offerta - Angajare, Assessment Center, Dezvoltare Resurse Umane\",\"isPartOf\":{\"@id\":\"https:\\\/\\\/www.solutiiresurseumane.ro\\\/it\\\/#website\"},\"datePublished\":\"2024-11-20T05:58:57+00:00\",\"dateModified\":\"2025-04-25T07:38:15+00:00\",\"description\":\"Informazioni preliminari Vuoi saperne di pi\u00f9 sui nostri servizi e ricevere un'offerta personalizzata per ci\u00f2 di cui hai bisogno? Denumire Societate\",\"breadcrumb\":{\"@id\":\"https:\\\/\\\/www.solutiiresurseumane.ro\\\/it\\\/richiesta-di-offerta\\\/#breadcrumb\"},\"inLanguage\":\"it-IT\",\"potentialAction\":[{\"@type\":\"ReadAction\",\"target\":[\"https:\\\/\\\/www.solutiiresurseumane.ro\\\/it\\\/richiesta-di-offerta\\\/\"]}]},{\"@type\":\"BreadcrumbList\",\"@id\":\"https:\\\/\\\/www.solutiiresurseumane.ro\\\/it\\\/richiesta-di-offerta\\\/#breadcrumb\",\"itemListElement\":[{\"@type\":\"ListItem\",\"position\":1,\"name\":\"Prima pagin\u0103\",\"item\":\"https:\\\/\\\/www.solutiiresurseumane.ro\\\/it\\\/\"},{\"@type\":\"ListItem\",\"position\":2,\"name\":\"Richiesta di offerta\"}]},{\"@type\":\"WebSite\",\"@id\":\"https:\\\/\\\/www.solutiiresurseumane.ro\\\/it\\\/#website\",\"url\":\"https:\\\/\\\/www.solutiiresurseumane.ro\\\/it\\\/\",\"name\":\"Bismutika HR\",\"description\":\"Bismutika HR\",\"publisher\":{\"@id\":\"https:\\\/\\\/www.solutiiresurseumane.ro\\\/it\\\/#organization\"},\"alternateName\":\"Bismutika \u2013 Agentie recrutare si full-cycle HR\",\"potentialAction\":[{\"@type\":\"SearchAction\",\"target\":{\"@type\":\"EntryPoint\",\"urlTemplate\":\"https:\\\/\\\/www.solutiiresurseumane.ro\\\/it\\\/?s={search_term_string}\"},\"query-input\":{\"@type\":\"PropertyValueSpecification\",\"valueRequired\":true,\"valueName\":\"search_term_string\"}}],\"inLanguage\":\"it-IT\"},{\"@type\":\"Organization\",\"@id\":\"https:\\\/\\\/www.solutiiresurseumane.ro\\\/it\\\/#organization\",\"name\":\"Bismutika HR\",\"alternateName\":\"Bismutika HR - Agentie recrutare si full-cycle HR\",\"url\":\"https:\\\/\\\/www.solutiiresurseumane.ro\\\/it\\\/\",\"logo\":{\"@type\":\"ImageObject\",\"inLanguage\":\"it-IT\",\"@id\":\"https:\\\/\\\/www.solutiiresurseumane.ro\\\/it\\\/#\\\/schema\\\/logo\\\/image\\\/\",\"url\":\"https:\\\/\\\/www.solutiiresurseumane.ro\\\/wp-content\\\/uploads\\\/2025\\\/09\\\/090925_6.png\",\"contentUrl\":\"https:\\\/\\\/www.solutiiresurseumane.ro\\\/wp-content\\\/uploads\\\/2025\\\/09\\\/090925_6.png\",\"width\":566,\"height\":193,\"caption\":\"Bismutika HR\"},\"image\":{\"@id\":\"https:\\\/\\\/www.solutiiresurseumane.ro\\\/it\\\/#\\\/schema\\\/logo\\\/image\\\/\"},\"sameAs\":[\"https:\\\/\\\/www.linkedin.com\\\/in\\\/andreea-nichifor-56561648\\\/\"],\"description\":\"Bismutika ofera servicii de recrutare, executive search si head hunting pentru companiile care doresc sa atraga cei mai buni candidati. Intelegem relatia dintre business si oamenii care il fac profitabil. In companii, cel mai important capital nu sunt oamenii, ci oamenii potriviti.\",\"email\":\"office@solutiiresurseumane.ro\",\"telephone\":\"0731 389 641\",\"legalName\":\"Bismutika - Agentie recrutare si full-cycle HR\",\"foundingDate\":\"2015-01-28\",\"vatID\":\"RO34025166\",\"numberOfEmployees\":{\"@type\":\"QuantitativeValue\",\"minValue\":\"1\",\"maxValue\":\"10\"}}]}<\/script>\n<!-- \/ Yoast SEO Premium plugin. -->","yoast_head_json":{"title":"Richiesta di offerta - Angajare, Assessment Center, Dezvoltare Resurse Umane","description":"Informazioni preliminari Vuoi saperne di pi\u00f9 sui nostri servizi e ricevere un'offerta personalizzata per ci\u00f2 di cui hai bisogno? Denumire Societate","robots":{"index":"index","follow":"follow","max-snippet":"max-snippet:-1","max-image-preview":"max-image-preview:large","max-video-preview":"max-video-preview:-1"},"canonical":"https:\/\/www.solutiiresurseumane.ro\/it\/richiesta-di-offerta\/","og_locale":"it_IT","og_type":"article","og_title":"Richiesta di offerta","og_description":"Informazioni preliminari Vuoi saperne di pi\u00f9 sui nostri servizi e ricevere un'offerta personalizzata per ci\u00f2 di cui hai bisogno? Denumire Societate","og_url":"https:\/\/www.solutiiresurseumane.ro\/it\/richiesta-di-offerta\/","og_site_name":"Angajare, Assessment Center, Dezvoltare Resurse Umane","article_modified_time":"2025-04-25T07:38:15+00:00","og_image":[{"width":566,"height":193,"url":"https:\/\/www.solutiiresurseumane.ro\/wp-content\/uploads\/2025\/09\/090925_6.png","type":"image\/png"}],"twitter_card":"summary_large_image","twitter_misc":{"Tempo di lettura stimato":"1 minuto"},"schema":{"@context":"https:\/\/schema.org","@graph":[{"@type":"WebPage","@id":"https:\/\/www.solutiiresurseumane.ro\/it\/richiesta-di-offerta\/","url":"https:\/\/www.solutiiresurseumane.ro\/it\/richiesta-di-offerta\/","name":"Richiesta di offerta - Angajare, Assessment Center, Dezvoltare Resurse Umane","isPartOf":{"@id":"https:\/\/www.solutiiresurseumane.ro\/it\/#website"},"datePublished":"2024-11-20T05:58:57+00:00","dateModified":"2025-04-25T07:38:15+00:00","description":"Informazioni preliminari Vuoi saperne di pi\u00f9 sui nostri servizi e ricevere un'offerta personalizzata per ci\u00f2 di cui hai bisogno? Denumire Societate","breadcrumb":{"@id":"https:\/\/www.solutiiresurseumane.ro\/it\/richiesta-di-offerta\/#breadcrumb"},"inLanguage":"it-IT","potentialAction":[{"@type":"ReadAction","target":["https:\/\/www.solutiiresurseumane.ro\/it\/richiesta-di-offerta\/"]}]},{"@type":"BreadcrumbList","@id":"https:\/\/www.solutiiresurseumane.ro\/it\/richiesta-di-offerta\/#breadcrumb","itemListElement":[{"@type":"ListItem","position":1,"name":"Prima pagin\u0103","item":"https:\/\/www.solutiiresurseumane.ro\/it\/"},{"@type":"ListItem","position":2,"name":"Richiesta di offerta"}]},{"@type":"WebSite","@id":"https:\/\/www.solutiiresurseumane.ro\/it\/#website","url":"https:\/\/www.solutiiresurseumane.ro\/it\/","name":"Bismutika HR","description":"Bismutika HR","publisher":{"@id":"https:\/\/www.solutiiresurseumane.ro\/it\/#organization"},"alternateName":"Bismutika \u2013 Agentie recrutare si full-cycle HR","potentialAction":[{"@type":"SearchAction","target":{"@type":"EntryPoint","urlTemplate":"https:\/\/www.solutiiresurseumane.ro\/it\/?s={search_term_string}"},"query-input":{"@type":"PropertyValueSpecification","valueRequired":true,"valueName":"search_term_string"}}],"inLanguage":"it-IT"},{"@type":"Organization","@id":"https:\/\/www.solutiiresurseumane.ro\/it\/#organization","name":"Bismutika HR","alternateName":"Bismutika HR - Agentie recrutare si full-cycle HR","url":"https:\/\/www.solutiiresurseumane.ro\/it\/","logo":{"@type":"ImageObject","inLanguage":"it-IT","@id":"https:\/\/www.solutiiresurseumane.ro\/it\/#\/schema\/logo\/image\/","url":"https:\/\/www.solutiiresurseumane.ro\/wp-content\/uploads\/2025\/09\/090925_6.png","contentUrl":"https:\/\/www.solutiiresurseumane.ro\/wp-content\/uploads\/2025\/09\/090925_6.png","width":566,"height":193,"caption":"Bismutika HR"},"image":{"@id":"https:\/\/www.solutiiresurseumane.ro\/it\/#\/schema\/logo\/image\/"},"sameAs":["https:\/\/www.linkedin.com\/in\/andreea-nichifor-56561648\/"],"description":"Bismutika ofera servicii de recrutare, executive search si head hunting pentru companiile care doresc sa atraga cei mai buni candidati. Intelegem relatia dintre business si oamenii care il fac profitabil. In companii, cel mai important capital nu sunt oamenii, ci oamenii potriviti.","email":"office@solutiiresurseumane.ro","telephone":"0731 389 641","legalName":"Bismutika - Agentie recrutare si full-cycle HR","foundingDate":"2015-01-28","vatID":"RO34025166","numberOfEmployees":{"@type":"QuantitativeValue","minValue":"1","maxValue":"10"}}]}},"_links":{"self":[{"href":"https:\/\/www.solutiiresurseumane.ro\/it\/wp-json\/wp\/v2\/pages\/17726","targetHints":{"allow":["GET"]}}],"collection":[{"href":"https:\/\/www.solutiiresurseumane.ro\/it\/wp-json\/wp\/v2\/pages"}],"about":[{"href":"https:\/\/www.solutiiresurseumane.ro\/it\/wp-json\/wp\/v2\/types\/page"}],"author":[{"embeddable":true,"href":"https:\/\/www.solutiiresurseumane.ro\/it\/wp-json\/wp\/v2\/users\/1"}],"replies":[{"embeddable":true,"href":"https:\/\/www.solutiiresurseumane.ro\/it\/wp-json\/wp\/v2\/comments?post=17726"}],"version-history":[{"count":5,"href":"https:\/\/www.solutiiresurseumane.ro\/it\/wp-json\/wp\/v2\/pages\/17726\/revisions"}],"predecessor-version":[{"id":18271,"href":"https:\/\/www.solutiiresurseumane.ro\/it\/wp-json\/wp\/v2\/pages\/17726\/revisions\/18271"}],"wp:attachment":[{"href":"https:\/\/www.solutiiresurseumane.ro\/it\/wp-json\/wp\/v2\/media?parent=17726"}],"curies":[{"name":"wp","href":"https:\/\/api.w.org\/{rel}","templated":true}]}}