{"id":17721,"date":"2024-11-21T09:59:28","date_gmt":"2024-11-21T07:59:28","guid":{"rendered":"https:\/\/www.solutiiresurseumane.ro\/inviaci-il-tuo-cv\/"},"modified":"2025-04-01T17:28:20","modified_gmt":"2025-04-01T15:28:20","slug":"inviaci-il-tuo-cv","status":"publish","type":"page","link":"https:\/\/www.solutiiresurseumane.ro\/it\/inviaci-il-tuo-cv\/","title":{"rendered":"Inviaci il tuo CV"},"content":{"rendered":"\t\t<div data-elementor-type=\"wp-page\" data-elementor-id=\"17721\" class=\"elementor elementor-17721\">\n\t\t\t\t\t\t<section class=\"elementor-section elementor-top-section elementor-element elementor-element-3244e06 elementor-section-boxed elementor-section-height-default elementor-section-height-default\" data-id=\"3244e06\" data-element_type=\"section\" data-e-type=\"section\">\n\t\t\t\t\t\t<div class=\"elementor-container elementor-column-gap-default\">\n\t\t\t\t\t<div class=\"elementor-column elementor-col-100 elementor-top-column elementor-element elementor-element-62a1e09\" data-id=\"62a1e09\" data-element_type=\"column\" data-e-type=\"column\">\n\t\t\t<div class=\"elementor-widget-wrap elementor-element-populated\">\n\t\t\t\t\t\t<div class=\"elementor-element elementor-element-eafaf17 elementor-widget elementor-widget-text-editor\" data-id=\"eafaf17\" data-element_type=\"widget\" data-e-type=\"widget\" data-widget_type=\"text-editor.default\">\n\t\t\t\t<div class=\"elementor-widget-container\">\n\t\t\t\t\t\t\t\t\t<p>Se vuoi usufruire dei nostri servizi di collocamento, non devi fare altro che inviarci qualche riga su di te e sulla posizione per cui vorresti candidarti.<\/p><p>Puoi anche aggiungere un CV a questo messaggio.<\/p>\t\t\t\t\t\t\t\t<\/div>\n\t\t\t\t<\/div>\n\t\t\t\t\t<\/div>\n\t\t<\/div>\n\t\t\t\t\t<\/div>\n\t\t<\/section>\n\t\t\t\t<section class=\"elementor-section elementor-top-section elementor-element elementor-element-3283ca4 elementor-section-boxed elementor-section-height-default elementor-section-height-default\" data-id=\"3283ca4\" data-element_type=\"section\" data-e-type=\"section\">\n\t\t\t\t\t\t<div class=\"elementor-container elementor-column-gap-default\">\n\t\t\t\t\t<div class=\"elementor-column elementor-col-100 elementor-top-column elementor-element elementor-element-91c6bcb\" data-id=\"91c6bcb\" data-element_type=\"column\" data-e-type=\"column\">\n\t\t\t<div class=\"elementor-widget-wrap elementor-element-populated\">\n\t\t\t\t\t\t<div class=\"elementor-element elementor-element-d71f28c elementor-widget elementor-widget-heading\" data-id=\"d71f28c\" data-element_type=\"widget\" data-e-type=\"widget\" data-widget_type=\"heading.default\">\n\t\t\t\t<div class=\"elementor-widget-container\">\n\t\t\t\t\t<h2 class=\"elementor-heading-title elementor-size-default\">Informazioni preliminari<\/h2>\t\t\t\t<\/div>\n\t\t\t\t<\/div>\n\t\t\t\t\t<\/div>\n\t\t<\/div>\n\t\t\t\t\t<\/div>\n\t\t<\/section>\n\t\t\t\t<section class=\"elementor-section elementor-top-section elementor-element elementor-element-79f679b elementor-section-boxed elementor-section-height-default elementor-section-height-default\" data-id=\"79f679b\" data-element_type=\"section\" data-e-type=\"section\">\n\t\t\t\t\t\t<div class=\"elementor-container elementor-column-gap-default\">\n\t\t\t\t\t<div class=\"elementor-column elementor-col-100 elementor-top-column elementor-element elementor-element-dcc53e3\" data-id=\"dcc53e3\" data-element_type=\"column\" data-e-type=\"column\">\n\t\t\t<div class=\"elementor-widget-wrap elementor-element-populated\">\n\t\t\t\t\t\t<div class=\"elementor-element elementor-element-ed2ae92 elementor-widget elementor-widget-rs-cf7\" data-id=\"ed2ae92\" data-element_type=\"widget\" data-e-type=\"widget\" data-widget_type=\"rs-cf7.default\">\n\t\t\t\t<div class=\"elementor-widget-container\">\n\t\t\t\t\t\n<div class=\"wpcf7 no-js\" id=\"wpcf7-f14892-o1\" lang=\"ro-RO\" dir=\"ltr\" data-wpcf7-id=\"14892\">\n<div class=\"screen-reader-response\"><p role=\"status\" aria-live=\"polite\" aria-atomic=\"true\"><\/p> <ul><\/ul><\/div>\n<form action=\"\/it\/wp-json\/wp\/v2\/pages\/17721#wpcf7-f14892-o1\" method=\"post\" class=\"wpcf7-form init\" aria-label=\"Formular de contact\" enctype=\"multipart\/form-data\" novalidate=\"novalidate\" data-status=\"init\">\n<fieldset class=\"hidden-fields-container\"><input type=\"hidden\" name=\"_wpcf7\" value=\"14892\" \/><input type=\"hidden\" name=\"_wpcf7_version\" value=\"6.1.5\" \/><input type=\"hidden\" name=\"_wpcf7_locale\" value=\"ro_RO\" \/><input type=\"hidden\" name=\"_wpcf7_unit_tag\" value=\"wpcf7-f14892-o1\" \/><input type=\"hidden\" name=\"_wpcf7_container_post\" value=\"0\" \/><input type=\"hidden\" name=\"_wpcf7_posted_data_hash\" value=\"\" \/>\n<\/fieldset>\n<div class=\"row\">\n\t<div class=\"col-sm-6\">\n\t\t<p><label> Nume si Prenume<span class=\"wpcf7-form-control-wrap\" data-name=\"your-name\"><input size=\"40\" maxlength=\"400\" class=\"wpcf7-form-control wpcf7-text wpcf7-validates-as-required\" autocomplete=\"nume\" aria-required=\"true\" aria-invalid=\"false\" value=\"\" type=\"text\" name=\"your-name\" \/><\/span> <\/label>\n\t\t<\/p>\n\t<\/div>\n\t<div class=\"col-sm-6\">\n\t\t<p><label> Adresa ta de email <span class=\"wpcf7-form-control-wrap\" data-name=\"your-email\"><input size=\"40\" maxlength=\"400\" class=\"wpcf7-form-control wpcf7-email wpcf7-validates-as-required wpcf7-text wpcf7-validates-as-email\" autocomplete=\"email\" aria-required=\"true\" aria-invalid=\"false\" value=\"\" type=\"email\" name=\"your-email\" \/><\/span> <\/label>\n\t\t<\/p>\n\t<\/div>\n\t<div class=\"col-sm-6\">\n\t\t<p><label> Telefon <span class=\"wpcf7-form-control-wrap\" data-name=\"telefon\"><input size=\"40\" maxlength=\"400\" class=\"wpcf7-form-control wpcf7-tel wpcf7-validates-as-required wpcf7-text wpcf7-validates-as-tel\" autocomplete=\"telefon\" aria-required=\"true\" aria-invalid=\"false\" value=\"\" type=\"tel\" name=\"telefon\" \/><\/span> <\/label>\n\t\t<\/p>\n\t<\/div>\n\t<div class=\"col-sm-6\">\n\t\t<p><label> Oras (sector\/zona) <span class=\"wpcf7-form-control-wrap\" data-name=\"your-oras\"><input size=\"40\" maxlength=\"400\" class=\"wpcf7-form-control wpcf7-text wpcf7-validates-as-required\" autocomplete=\"oras\" aria-required=\"true\" aria-invalid=\"false\" value=\"\" type=\"text\" name=\"your-oras\" \/><\/span> <\/label>\n\t\t<\/p>\n\t<\/div>\n\t<div class=\"col-sm-6\">\n\t\t<p><label> <span class=\"wpcf7-form-control-wrap\" data-name=\"checkbox-756\"><span class=\"wpcf7-form-control wpcf7-checkbox\"><span class=\"wpcf7-list-item first last\"><label><input type=\"checkbox\" name=\"checkbox-756[]\" value=\"Disponibil relocare (bifati daca  DA)\" \/><span class=\"wpcf7-list-item-label\">Disponibil relocare (bifati daca  DA)<\/span><\/label><\/span><\/span><\/span> <\/label>\n\t\t<\/p>\n\t<\/div>\n\t<div class=\"col-sm-12\">\n\t\t<p><label> Cateva cuvinte despre tine <span class=\"wpcf7-form-control-wrap\" data-name=\"despre-tine\"><textarea cols=\"40\" rows=\"10\" maxlength=\"2000\" class=\"wpcf7-form-control wpcf7-textarea\" autocomplete=\"cateva\" aria-invalid=\"false\" name=\"despre-tine\"><\/textarea><\/span> <\/label>\n\t\t<\/p>\n\t<\/div>\n\t<div class=\"col-sm-12\">\n\t\t<p><label> Jobul dorit(scurta descriere)<br \/>\n<span class=\"wpcf7-form-control-wrap\" data-name=\"textarea-358\"><textarea cols=\"40\" rows=\"10\" maxlength=\"2000\" class=\"wpcf7-form-control wpcf7-textarea\" autocomplete=\"jobul\" aria-invalid=\"false\" placeholder=\"\" name=\"textarea-358\"><\/textarea><\/span> <\/label>\n\t\t<\/p>\n\t<\/div>\n\t<div class=\"col-sm-6\">\n\t\t<p><label>Incarca un CV (se accepta doar fisiere PDF)<br \/>\n<span class=\"wpcf7-form-control-wrap\" data-name=\"file-316\"><input size=\"40\" class=\"wpcf7-form-control wpcf7-file wpcf7-validates-as-required\" accept=\".pdf\" aria-required=\"true\" aria-invalid=\"false\" type=\"file\" name=\"file-316\" \/><\/span><\/label>\n\t\t<\/p>\n\t<\/div>\n\t<p><span class=\"wpcf7-form-control-wrap\" data-name=\"acceptance-561\"><span class=\"wpcf7-form-control wpcf7-acceptance optional\"><span class=\"wpcf7-list-item\"><label><input type=\"checkbox\" name=\"acceptance-561\" value=\"1\" aria-invalid=\"false\" \/><span class=\"wpcf7-list-item-label\">Sunt de acord cu <a href=\"https:\/\/www.solutiiresurseumane.ro\/politica-de-confidentialitate\/\" target=\"_blank\">Politica de Confidentialitate<\/a><\/span><\/label><\/span><\/span><\/span><br \/>\n<input class=\"wpcf7-form-control wpcf7-submit has-spinner\" type=\"submit\" value=\"Trimite\" \/>\n\t<\/p>\n<\/div><div class=\"wpcf7-response-output\" aria-hidden=\"true\"><\/div>\n<\/form>\n<\/div>\n\t\t\t\t<\/div>\n\t\t\t\t<\/div>\n\t\t\t\t\t<\/div>\n\t\t<\/div>\n\t\t\t\t\t<\/div>\n\t\t<\/section>\n\t\t\t\t<section class=\"elementor-section elementor-top-section elementor-element elementor-element-efad82e elementor-section-boxed elementor-section-height-default elementor-section-height-default\" data-id=\"efad82e\" data-element_type=\"section\" data-e-type=\"section\">\n\t\t\t\t\t\t<div class=\"elementor-container elementor-column-gap-default\">\n\t\t\t\t\t<div class=\"elementor-column elementor-col-100 elementor-top-column elementor-element elementor-element-ecb51f7\" data-id=\"ecb51f7\" data-element_type=\"column\" data-e-type=\"column\">\n\t\t\t<div class=\"elementor-widget-wrap elementor-element-populated\">\n\t\t\t\t\t\t<div class=\"elementor-element elementor-element-43ae197 elementor-widget-divider--view-line elementor-widget elementor-widget-divider\" data-id=\"43ae197\" data-element_type=\"widget\" data-e-type=\"widget\" data-widget_type=\"divider.default\">\n\t\t\t\t<div class=\"elementor-widget-container\">\n\t\t\t\t\t\t\t<div class=\"elementor-divider\">\n\t\t\t<span class=\"elementor-divider-separator\">\n\t\t\t\t\t\t<\/span>\n\t\t<\/div>\n\t\t\t\t\t\t<\/div>\n\t\t\t\t<\/div>\n\t\t\t\t\t<\/div>\n\t\t<\/div>\n\t\t\t\t\t<\/div>\n\t\t<\/section>\n\t\t\t\t<section class=\"elementor-section elementor-top-section elementor-element elementor-element-73ce6aa elementor-section-boxed elementor-section-height-default elementor-section-height-default\" data-id=\"73ce6aa\" data-element_type=\"section\" data-e-type=\"section\">\n\t\t\t\t\t\t<div class=\"elementor-container elementor-column-gap-default\">\n\t\t\t\t\t<div class=\"elementor-column elementor-col-100 elementor-top-column elementor-element elementor-element-6c2a33e\" data-id=\"6c2a33e\" data-element_type=\"column\" data-e-type=\"column\">\n\t\t\t<div class=\"elementor-widget-wrap elementor-element-populated\">\n\t\t\t\t\t\t<div class=\"elementor-element elementor-element-1170e68 elementor-widget elementor-widget-text-editor\" data-id=\"1170e68\" data-element_type=\"widget\" data-e-type=\"widget\" data-widget_type=\"text-editor.default\">\n\t\t\t\t<div class=\"elementor-widget-container\">\n\t\t\t\t\t\t\t\t\t<p style=\"text-align: justify;\">Quando cerchi un nuovo lavoro, il tuo CV \u00e8 uno degli strumenti pi\u00f9 importanti a tua disposizione. \u00c8 fondamentale prestare molta attenzione ai dettagli, alla struttura e al contenuto del tuo CV. Se vuoi massimizzare le tue possibilit\u00e0 di successo in un colloquio, dai un&#8217;occhiata al nostro articolo sulla scrittura del <a href=\"https:\/\/www.solutiiresurseumane.ro\/cum-arata-un-cv-care-sa-iti-maximizeze-sansele-de-a-fi-chemat-la-interviu\/\">CV<\/a> per trovare preziosi consigli ed esempi pratici su come distinguerti dalla massa.  <\/p>\t\t\t\t\t\t\t\t<\/div>\n\t\t\t\t<\/div>\n\t\t\t\t\t<\/div>\n\t\t<\/div>\n\t\t\t\t\t<\/div>\n\t\t<\/section>\n\t\t\t\t<\/div>\n\t\t","protected":false},"excerpt":{"rendered":"<p>Se vuoi usufruire dei nostri servizi di collocamento, non devi fare altro che inviarci qualche riga su di te e sulla posizione per cui vorresti candidarti. Puoi anche aggiungere un CV a questo messaggio. Informazioni preliminari Nume si Prenume Adresa ta de email Telefon Oras (sector\/zona) Disponibil relocare (bifati daca DA) Cateva cuvinte despre tine&#8230;<\/p>\n","protected":false},"author":1,"featured_media":0,"parent":0,"menu_order":0,"comment_status":"closed","ping_status":"closed","template":"","meta":{"_acf_changed":false,"footnotes":""},"class_list":["post-17721","page","type-page","status-publish","hentry"],"acf":[],"yoast_head":"<!-- This site is optimized with the Yoast SEO Premium plugin v27.5 (Yoast SEO v27.5) - https:\/\/yoast.com\/product\/yoast-seo-premium-wordpress\/ -->\n<title>Inviaci il tuo CV - Angajare, Assessment Center, Dezvoltare Resurse Umane<\/title>\n<meta name=\"robots\" content=\"index, follow, max-snippet:-1, max-image-preview:large, max-video-preview:-1\" \/>\n<link rel=\"canonical\" href=\"https:\/\/www.solutiiresurseumane.ro\/it\/inviaci-il-tuo-cv\/\" \/>\n<meta property=\"og:locale\" content=\"it_IT\" \/>\n<meta property=\"og:type\" content=\"article\" \/>\n<meta property=\"og:title\" content=\"Inviaci il tuo CV\" \/>\n<meta property=\"og:description\" content=\"Se vuoi usufruire dei nostri servizi di collocamento, non devi fare altro che inviarci qualche riga su di te e sulla posizione per cui vorresti candidarti. Puoi anche aggiungere un CV a questo messaggio. Informazioni preliminari Nume si Prenume Adresa ta de email Telefon Oras (sector\/zona) Disponibil relocare (bifati daca DA) Cateva cuvinte despre tine...\" \/>\n<meta property=\"og:url\" content=\"https:\/\/www.solutiiresurseumane.ro\/it\/inviaci-il-tuo-cv\/\" \/>\n<meta property=\"og:site_name\" content=\"Angajare, Assessment Center, Dezvoltare Resurse Umane\" \/>\n<meta property=\"article:modified_time\" content=\"2025-04-01T15:28:20+00:00\" \/>\n<meta property=\"og:image\" content=\"https:\/\/www.solutiiresurseumane.ro\/wp-content\/uploads\/2025\/09\/090925_6.png\" \/>\n\t<meta property=\"og:image:width\" content=\"566\" \/>\n\t<meta property=\"og:image:height\" content=\"193\" \/>\n\t<meta property=\"og:image:type\" content=\"image\/png\" \/>\n<meta name=\"twitter:card\" content=\"summary_large_image\" \/>\n<meta name=\"twitter:label1\" content=\"Tempo di lettura stimato\" \/>\n\t<meta name=\"twitter:data1\" content=\"1 minuto\" \/>\n<script type=\"application\/ld+json\" class=\"yoast-schema-graph\">{\"@context\":\"https:\\\/\\\/schema.org\",\"@graph\":[{\"@type\":\"WebPage\",\"@id\":\"https:\\\/\\\/www.solutiiresurseumane.ro\\\/it\\\/inviaci-il-tuo-cv\\\/\",\"url\":\"https:\\\/\\\/www.solutiiresurseumane.ro\\\/it\\\/inviaci-il-tuo-cv\\\/\",\"name\":\"Inviaci il tuo CV - Angajare, Assessment Center, Dezvoltare Resurse Umane\",\"isPartOf\":{\"@id\":\"https:\\\/\\\/www.solutiiresurseumane.ro\\\/it\\\/#website\"},\"datePublished\":\"2024-11-21T07:59:28+00:00\",\"dateModified\":\"2025-04-01T15:28:20+00:00\",\"breadcrumb\":{\"@id\":\"https:\\\/\\\/www.solutiiresurseumane.ro\\\/it\\\/inviaci-il-tuo-cv\\\/#breadcrumb\"},\"inLanguage\":\"it-IT\",\"potentialAction\":[{\"@type\":\"ReadAction\",\"target\":[\"https:\\\/\\\/www.solutiiresurseumane.ro\\\/it\\\/inviaci-il-tuo-cv\\\/\"]}]},{\"@type\":\"BreadcrumbList\",\"@id\":\"https:\\\/\\\/www.solutiiresurseumane.ro\\\/it\\\/inviaci-il-tuo-cv\\\/#breadcrumb\",\"itemListElement\":[{\"@type\":\"ListItem\",\"position\":1,\"name\":\"Prima pagin\u0103\",\"item\":\"https:\\\/\\\/www.solutiiresurseumane.ro\\\/it\\\/\"},{\"@type\":\"ListItem\",\"position\":2,\"name\":\"Inviaci il tuo CV\"}]},{\"@type\":\"WebSite\",\"@id\":\"https:\\\/\\\/www.solutiiresurseumane.ro\\\/it\\\/#website\",\"url\":\"https:\\\/\\\/www.solutiiresurseumane.ro\\\/it\\\/\",\"name\":\"Bismutika HR\",\"description\":\"Bismutika HR\",\"publisher\":{\"@id\":\"https:\\\/\\\/www.solutiiresurseumane.ro\\\/it\\\/#organization\"},\"alternateName\":\"Bismutika \u2013 Agentie recrutare si full-cycle HR\",\"potentialAction\":[{\"@type\":\"SearchAction\",\"target\":{\"@type\":\"EntryPoint\",\"urlTemplate\":\"https:\\\/\\\/www.solutiiresurseumane.ro\\\/it\\\/?s={search_term_string}\"},\"query-input\":{\"@type\":\"PropertyValueSpecification\",\"valueRequired\":true,\"valueName\":\"search_term_string\"}}],\"inLanguage\":\"it-IT\"},{\"@type\":\"Organization\",\"@id\":\"https:\\\/\\\/www.solutiiresurseumane.ro\\\/it\\\/#organization\",\"name\":\"Bismutika HR\",\"alternateName\":\"Bismutika HR - Agentie recrutare si full-cycle HR\",\"url\":\"https:\\\/\\\/www.solutiiresurseumane.ro\\\/it\\\/\",\"logo\":{\"@type\":\"ImageObject\",\"inLanguage\":\"it-IT\",\"@id\":\"https:\\\/\\\/www.solutiiresurseumane.ro\\\/it\\\/#\\\/schema\\\/logo\\\/image\\\/\",\"url\":\"https:\\\/\\\/www.solutiiresurseumane.ro\\\/wp-content\\\/uploads\\\/2025\\\/09\\\/090925_6.png\",\"contentUrl\":\"https:\\\/\\\/www.solutiiresurseumane.ro\\\/wp-content\\\/uploads\\\/2025\\\/09\\\/090925_6.png\",\"width\":566,\"height\":193,\"caption\":\"Bismutika HR\"},\"image\":{\"@id\":\"https:\\\/\\\/www.solutiiresurseumane.ro\\\/it\\\/#\\\/schema\\\/logo\\\/image\\\/\"},\"sameAs\":[\"https:\\\/\\\/www.linkedin.com\\\/in\\\/andreea-nichifor-56561648\\\/\"],\"description\":\"Bismutika ofera servicii de recrutare, executive search si head hunting pentru companiile care doresc sa atraga cei mai buni candidati. Intelegem relatia dintre business si oamenii care il fac profitabil. In companii, cel mai important capital nu sunt oamenii, ci oamenii potriviti.\",\"email\":\"office@solutiiresurseumane.ro\",\"telephone\":\"0731 389 641\",\"legalName\":\"Bismutika - Agentie recrutare si full-cycle HR\",\"foundingDate\":\"2015-01-28\",\"vatID\":\"RO34025166\",\"numberOfEmployees\":{\"@type\":\"QuantitativeValue\",\"minValue\":\"1\",\"maxValue\":\"10\"}}]}<\/script>\n<!-- \/ Yoast SEO Premium plugin. -->","yoast_head_json":{"title":"Inviaci il tuo CV - Angajare, Assessment Center, Dezvoltare Resurse Umane","robots":{"index":"index","follow":"follow","max-snippet":"max-snippet:-1","max-image-preview":"max-image-preview:large","max-video-preview":"max-video-preview:-1"},"canonical":"https:\/\/www.solutiiresurseumane.ro\/it\/inviaci-il-tuo-cv\/","og_locale":"it_IT","og_type":"article","og_title":"Inviaci il tuo CV","og_description":"Se vuoi usufruire dei nostri servizi di collocamento, non devi fare altro che inviarci qualche riga su di te e sulla posizione per cui vorresti candidarti. Puoi anche aggiungere un CV a questo messaggio. Informazioni preliminari Nume si Prenume Adresa ta de email Telefon Oras (sector\/zona) Disponibil relocare (bifati daca DA) Cateva cuvinte despre tine...","og_url":"https:\/\/www.solutiiresurseumane.ro\/it\/inviaci-il-tuo-cv\/","og_site_name":"Angajare, Assessment Center, Dezvoltare Resurse Umane","article_modified_time":"2025-04-01T15:28:20+00:00","og_image":[{"width":566,"height":193,"url":"https:\/\/www.solutiiresurseumane.ro\/wp-content\/uploads\/2025\/09\/090925_6.png","type":"image\/png"}],"twitter_card":"summary_large_image","twitter_misc":{"Tempo di lettura stimato":"1 minuto"},"schema":{"@context":"https:\/\/schema.org","@graph":[{"@type":"WebPage","@id":"https:\/\/www.solutiiresurseumane.ro\/it\/inviaci-il-tuo-cv\/","url":"https:\/\/www.solutiiresurseumane.ro\/it\/inviaci-il-tuo-cv\/","name":"Inviaci il tuo CV - Angajare, Assessment Center, Dezvoltare Resurse Umane","isPartOf":{"@id":"https:\/\/www.solutiiresurseumane.ro\/it\/#website"},"datePublished":"2024-11-21T07:59:28+00:00","dateModified":"2025-04-01T15:28:20+00:00","breadcrumb":{"@id":"https:\/\/www.solutiiresurseumane.ro\/it\/inviaci-il-tuo-cv\/#breadcrumb"},"inLanguage":"it-IT","potentialAction":[{"@type":"ReadAction","target":["https:\/\/www.solutiiresurseumane.ro\/it\/inviaci-il-tuo-cv\/"]}]},{"@type":"BreadcrumbList","@id":"https:\/\/www.solutiiresurseumane.ro\/it\/inviaci-il-tuo-cv\/#breadcrumb","itemListElement":[{"@type":"ListItem","position":1,"name":"Prima pagin\u0103","item":"https:\/\/www.solutiiresurseumane.ro\/it\/"},{"@type":"ListItem","position":2,"name":"Inviaci il tuo CV"}]},{"@type":"WebSite","@id":"https:\/\/www.solutiiresurseumane.ro\/it\/#website","url":"https:\/\/www.solutiiresurseumane.ro\/it\/","name":"Bismutika HR","description":"Bismutika HR","publisher":{"@id":"https:\/\/www.solutiiresurseumane.ro\/it\/#organization"},"alternateName":"Bismutika \u2013 Agentie recrutare si full-cycle HR","potentialAction":[{"@type":"SearchAction","target":{"@type":"EntryPoint","urlTemplate":"https:\/\/www.solutiiresurseumane.ro\/it\/?s={search_term_string}"},"query-input":{"@type":"PropertyValueSpecification","valueRequired":true,"valueName":"search_term_string"}}],"inLanguage":"it-IT"},{"@type":"Organization","@id":"https:\/\/www.solutiiresurseumane.ro\/it\/#organization","name":"Bismutika HR","alternateName":"Bismutika HR - Agentie recrutare si full-cycle HR","url":"https:\/\/www.solutiiresurseumane.ro\/it\/","logo":{"@type":"ImageObject","inLanguage":"it-IT","@id":"https:\/\/www.solutiiresurseumane.ro\/it\/#\/schema\/logo\/image\/","url":"https:\/\/www.solutiiresurseumane.ro\/wp-content\/uploads\/2025\/09\/090925_6.png","contentUrl":"https:\/\/www.solutiiresurseumane.ro\/wp-content\/uploads\/2025\/09\/090925_6.png","width":566,"height":193,"caption":"Bismutika HR"},"image":{"@id":"https:\/\/www.solutiiresurseumane.ro\/it\/#\/schema\/logo\/image\/"},"sameAs":["https:\/\/www.linkedin.com\/in\/andreea-nichifor-56561648\/"],"description":"Bismutika ofera servicii de recrutare, executive search si head hunting pentru companiile care doresc sa atraga cei mai buni candidati. Intelegem relatia dintre business si oamenii care il fac profitabil. In companii, cel mai important capital nu sunt oamenii, ci oamenii potriviti.","email":"office@solutiiresurseumane.ro","telephone":"0731 389 641","legalName":"Bismutika - Agentie recrutare si full-cycle HR","foundingDate":"2015-01-28","vatID":"RO34025166","numberOfEmployees":{"@type":"QuantitativeValue","minValue":"1","maxValue":"10"}}]}},"_links":{"self":[{"href":"https:\/\/www.solutiiresurseumane.ro\/it\/wp-json\/wp\/v2\/pages\/17721","targetHints":{"allow":["GET"]}}],"collection":[{"href":"https:\/\/www.solutiiresurseumane.ro\/it\/wp-json\/wp\/v2\/pages"}],"about":[{"href":"https:\/\/www.solutiiresurseumane.ro\/it\/wp-json\/wp\/v2\/types\/page"}],"author":[{"embeddable":true,"href":"https:\/\/www.solutiiresurseumane.ro\/it\/wp-json\/wp\/v2\/users\/1"}],"replies":[{"embeddable":true,"href":"https:\/\/www.solutiiresurseumane.ro\/it\/wp-json\/wp\/v2\/comments?post=17721"}],"version-history":[{"count":8,"href":"https:\/\/www.solutiiresurseumane.ro\/it\/wp-json\/wp\/v2\/pages\/17721\/revisions"}],"predecessor-version":[{"id":18202,"href":"https:\/\/www.solutiiresurseumane.ro\/it\/wp-json\/wp\/v2\/pages\/17721\/revisions\/18202"}],"wp:attachment":[{"href":"https:\/\/www.solutiiresurseumane.ro\/it\/wp-json\/wp\/v2\/media?parent=17721"}],"curies":[{"name":"wp","href":"https:\/\/api.w.org\/{rel}","templated":true}]}}