{"id":17693,"date":"2025-01-03T01:26:37","date_gmt":"2025-01-02T23:26:37","guid":{"rendered":"https:\/\/www.solutiiresurseumane.ro\/centro-di-valutazione\/"},"modified":"2025-04-25T09:52:38","modified_gmt":"2025-04-25T07:52:38","slug":"centro-di-valutazione","status":"publish","type":"page","link":"https:\/\/www.solutiiresurseumane.ro\/it\/servizi\/centro-di-valutazione\/","title":{"rendered":"Centro di valutazione"},"content":{"rendered":"\t\t<div data-elementor-type=\"wp-page\" data-elementor-id=\"17693\" class=\"elementor elementor-17693\">\n\t\t\t\t\t\t<section class=\"elementor-section elementor-top-section elementor-element elementor-element-8994b1a elementor-section-content-middle animated-slow elementor-section-boxed elementor-section-height-default elementor-section-height-default\" data-id=\"8994b1a\" data-element_type=\"section\" data-e-type=\"section\" data-settings=\"{&quot;animation&quot;:&quot;none&quot;,&quot;animation_delay&quot;:1000}\">\n\t\t\t\t\t\t<div class=\"elementor-container elementor-column-gap-wide\">\n\t\t\t\t\t<div class=\"elementor-column elementor-col-100 elementor-top-column elementor-element elementor-element-711391e\" data-id=\"711391e\" data-element_type=\"column\" data-e-type=\"column\">\n\t\t\t<div class=\"elementor-widget-wrap elementor-element-populated\">\n\t\t\t\t\t\t<div class=\"elementor-element elementor-element-9a78a55 elementor-widget elementor-widget-spacer\" data-id=\"9a78a55\" data-element_type=\"widget\" data-e-type=\"widget\" data-widget_type=\"spacer.default\">\n\t\t\t\t<div class=\"elementor-widget-container\">\n\t\t\t\t\t\t\t<div class=\"elementor-spacer\">\n\t\t\t<div class=\"elementor-spacer-inner\"><\/div>\n\t\t<\/div>\n\t\t\t\t\t\t<\/div>\n\t\t\t\t<\/div>\n\t\t\t\t<div class=\"elementor-element elementor-element-bea5330 elementor-widget__width-initial elementor-widget elementor-widget-heading\" data-id=\"bea5330\" data-element_type=\"widget\" data-e-type=\"widget\" data-widget_type=\"heading.default\">\n\t\t\t\t<div class=\"elementor-widget-container\">\n\t\t\t\t\t<h1 class=\"elementor-heading-title elementor-size-default\">Centro di valutazione  <\/h1>\t\t\t\t<\/div>\n\t\t\t\t<\/div>\n\t\t\t\t<div class=\"elementor-element elementor-element-c6a49cd elementor-widget__width-initial elementor-widget elementor-widget-image\" data-id=\"c6a49cd\" data-element_type=\"widget\" data-e-type=\"widget\" data-widget_type=\"image.default\">\n\t\t\t\t<div class=\"elementor-widget-container\">\n\t\t\t\t\t\t\t\t\t\t\t\t\t\t\t<img fetchpriority=\"high\" decoding=\"async\" width=\"640\" height=\"435\" src=\"https:\/\/www.solutiiresurseumane.ro\/wp-content\/uploads\/2025\/04\/Assessment-Center-1.webp\" class=\"attachment-large size-large wp-image-18834\" alt=\"Assessment Center\" srcset=\"https:\/\/www.solutiiresurseumane.ro\/wp-content\/uploads\/2025\/04\/Assessment-Center-1.webp 800w, https:\/\/www.solutiiresurseumane.ro\/wp-content\/uploads\/2025\/04\/Assessment-Center-1-300x204.webp 300w, https:\/\/www.solutiiresurseumane.ro\/wp-content\/uploads\/2025\/04\/Assessment-Center-1-768x522.webp 768w\" sizes=\"(max-width: 640px) 100vw, 640px\" \/>\t\t\t\t\t\t\t\t\t\t\t\t\t\t\t<\/div>\n\t\t\t\t<\/div>\n\t\t\t\t<div class=\"elementor-element elementor-element-e3ae854 elementor-widget elementor-widget-text-editor\" data-id=\"e3ae854\" data-element_type=\"widget\" data-e-type=\"widget\" data-widget_type=\"text-editor.default\">\n\t\t\t\t<div class=\"elementor-widget-container\">\n\t\t\t\t\t\t\t\t\t<p style=\"text-align: justify;\">I servizi di Assessment Center offerti da Fox Expert supportano le aziende nella valutazione oggettiva. Pu\u00f2 essere applicato per l&#8217;assunzione, la promozione o lo sviluppo personale e professionale dei dipendenti.<\/p><p style=\"text-align: justify;\">Attraverso l&#8217;Assessment Centre, Fox Expert offre, grazie ai suoi specialisti certificati nel settore, i seguenti tipi di valutazioni autorizzate:<\/p><ul style=\"text-align: justify;\"><li>Test di personalit\u00e0, attitudine e motivazione: per valutare l&#8217;idoneit\u00e0 di un candidato a ricoprire un posto vacante, ad esempio nei settori delle vendite, del marketing, della contabilit\u00e0, ecc.<\/li><li>quiz e giochi di ruolo che metteranno in luce lo stile di lavoro di un dipendente, la collaborazione di gruppo o lo stile di leadership, i comportamenti professionali a rischio<\/li><li>test di abilit\u00e0: test di intelligenza, attenzione, memoria e altre abilit\u00e0 cognitive<\/li><\/ul><p style=\"text-align: justify;\">I risultati dei test saranno corroborati dai risultati di altre valutazioni e dall&#8217;esperienza professionale dei candidati. Ti consigliamo di prendere in considerazione le referenze, lo scopo della valutazione, la posizione di interesse. I nostri specialisti ti aiuteranno anche a fornire e integrare un feedback personalizzato. Cos\u00ec i nostri clienti possono prendere la decisione migliore in base ai risultati.<\/p>\t\t\t\t\t\t\t\t<\/div>\n\t\t\t\t<\/div>\n\t\t\t\t<div class=\"elementor-element elementor-element-b6f6f53 elementor-widget elementor-widget-heading\" data-id=\"b6f6f53\" data-element_type=\"widget\" data-e-type=\"widget\" data-widget_type=\"heading.default\">\n\t\t\t\t<div class=\"elementor-widget-container\">\n\t\t\t\t\t<h2 class=\"elementor-heading-title elementor-size-default\">I vantaggi di un Assessment Centre per le aziende<\/h2>\t\t\t\t<\/div>\n\t\t\t\t<\/div>\n\t\t\t\t<div class=\"elementor-element elementor-element-d77fcb3 elementor-widget elementor-widget-text-editor\" data-id=\"d77fcb3\" data-element_type=\"widget\" data-e-type=\"widget\" data-widget_type=\"text-editor.default\">\n\t\t\t\t<div class=\"elementor-widget-container\">\n\t\t\t\t\t\t\t\t\t<ol><li>Selezione pi\u00f9 accurata: un <a style=\"font-family: var( --e-global-typography-text-font-family ), Sans-serif; font-weight: var( --e-global-typography-text-font-weight ); background-color: #ffffff;\" href=\"https:\/\/en.wikipedia.org\/wiki\/Assessment_centre\">Assessment Centre<\/a><span style=\"font-family: var( --e-global-typography-text-font-family ), Sans-serif; font-weight: var( --e-global-typography-text-font-weight );\"> offre una valutazione dettagliata dei candidati per le diverse mansioni.<\/span><\/li><li>Sviluppo dei dipendenti &#8211; le valutazioni che offriamo ci permettono di identificare le aree di crescita per le persone che valutiamo. Queste valutazioni possono essere combinate con i <a href=\"https:\/\/www.solutiiresurseumane.ro\/it\/offerte-di-lavoro\/sviluppo-personale\/\">programmi di sviluppo<\/a> personale offerti dal nostro team e con l&#8217;allenamento cerebrale per ottenere il massimo delle prestazioni.<\/li><li>Decisioni oggettive &#8211; grazie a rapporti pertinenti e strumenti di valutazione scientificamente validati, le decisioni di selezione o promozione si basano su dati oggettivi. Questo riduce i giudizi soggettivi.<\/li><li>Ottimizzare i team: un Assessment Center aiuta a creare team efficaci. Coagula i team con valori comuni. Crea la congruenza valutando gli stili di lavoro e di leadership.<\/li><\/ol>\t\t\t\t\t\t\t\t<\/div>\n\t\t\t\t<\/div>\n\t\t\t\t<div class=\"elementor-element elementor-element-a544abd elementor-widget elementor-widget-heading\" data-id=\"a544abd\" data-element_type=\"widget\" data-e-type=\"widget\" data-widget_type=\"heading.default\">\n\t\t\t\t<div class=\"elementor-widget-container\">\n\t\t\t\t\t<h3 class=\"elementor-heading-title elementor-size-default\">Fox Expert, focus sulla valutazione personalizzata attraverso l'Assessment Centre  <\/h3>\t\t\t\t<\/div>\n\t\t\t\t<\/div>\n\t\t\t\t<div class=\"elementor-element elementor-element-f5730f2 elementor-widget elementor-widget-text-editor\" data-id=\"f5730f2\" data-element_type=\"widget\" data-e-type=\"widget\" data-widget_type=\"text-editor.default\">\n\t\t\t\t<div class=\"elementor-widget-container\">\n\t\t\t\t\t\t\t\t\t<p style=\"text-align: justify;\">Fox Expert Advice ha in portafoglio numerosi test autorizzati per valutare abilit\u00e0, competenze e comportamenti. Possiamo personalizzare una valutazione per qualsiasi ruolo dell&#8217;organigramma, con qualsiasi livello di complessit\u00e0. Il team offre anche una vasta esperienza e formazione in psicologia, <a href=\"https:\/\/www.solutiiresurseumane.ro\/it\/offerte-di-lavoro\/sviluppo-personale\/\">sviluppo personale<\/a> e organizzativo. Attraverso una metodologia solida e obiettiva, Fox Expert Advice fornisce servizi HR a ciclo completo. Il nostro obiettivo \u00e8 quello di massimizzare il potenziale dei candidati, dei dipendenti e delle performance aziendali. Sosteniamo le carriere e i team nel raggiungimento degli obiettivi di crescita. La nostra promessa e garanzia \u00e8 quella di fornire un servizio di Assessment Center personalizzato e obiettivo.<\/p>\t\t\t\t\t\t\t\t<\/div>\n\t\t\t\t<\/div>\n\t\t\t\t\t<\/div>\n\t\t<\/div>\n\t\t\t\t\t<\/div>\n\t\t<\/section>\n\t\t\t\t<section class=\"elementor-section elementor-top-section elementor-element elementor-element-caa9a55 elementor-section-content-middle animated-slow elementor-section-full_width elementor-section-height-default elementor-section-height-default\" data-id=\"caa9a55\" data-element_type=\"section\" data-e-type=\"section\" data-settings=\"{&quot;animation&quot;:&quot;none&quot;,&quot;animation_delay&quot;:1000}\">\n\t\t\t\t\t\t<div class=\"elementor-container elementor-column-gap-default\">\n\t\t\t\t\t<div class=\"elementor-column elementor-col-50 elementor-top-column elementor-element elementor-element-14cadaa\" data-id=\"14cadaa\" data-element_type=\"column\" data-e-type=\"column\">\n\t\t\t<div class=\"elementor-widget-wrap elementor-element-populated\">\n\t\t\t\t\t\t<div class=\"elementor-element elementor-element-da874e0 elementor-widget__width-initial elementor-widget elementor-widget-text-editor\" data-id=\"da874e0\" data-element_type=\"widget\" data-e-type=\"widget\" data-widget_type=\"text-editor.default\">\n\t\t\t\t<div class=\"elementor-widget-container\">\n\t\t\t\t\t\t\t\t\t<p>Vuoi scoprire come possiamo aiutarti?<\/p>\t\t\t\t\t\t\t\t<\/div>\n\t\t\t\t<\/div>\n\t\t\t\t<div class=\"elementor-element elementor-element-3c11efe elementor-align-right elementor-widget__width-initial elementor-widget elementor-widget-button\" data-id=\"3c11efe\" data-element_type=\"widget\" data-e-type=\"widget\" data-widget_type=\"button.default\">\n\t\t\t\t<div class=\"elementor-widget-container\">\n\t\t\t\t\t\t\t\t\t<div class=\"elementor-button-wrapper\">\n\t\t\t\t\t<a class=\"elementor-button elementor-button-link elementor-size-sm\" href=\"https:\/\/www.solutiiresurseumane.ro\/it\/richiesta-di-offerta\/\">\n\t\t\t\t\t\t<span class=\"elementor-button-content-wrapper\">\n\t\t\t\t\t\t\t\t\t<span class=\"elementor-button-text\">Richiedi un'offerta<\/span>\n\t\t\t\t\t<\/span>\n\t\t\t\t\t<\/a>\n\t\t\t\t<\/div>\n\t\t\t\t\t\t\t\t<\/div>\n\t\t\t\t<\/div>\n\t\t\t\t\t<\/div>\n\t\t<\/div>\n\t\t\t\t<div class=\"elementor-column elementor-col-50 elementor-top-column elementor-element elementor-element-2384878\" data-id=\"2384878\" data-element_type=\"column\" data-e-type=\"column\">\n\t\t\t<div class=\"elementor-widget-wrap elementor-element-populated\">\n\t\t\t\t\t\t<div class=\"elementor-element elementor-element-9788951 elementor-widget elementor-widget-image\" data-id=\"9788951\" data-element_type=\"widget\" data-e-type=\"widget\" data-widget_type=\"image.default\">\n\t\t\t\t<div class=\"elementor-widget-container\">\n\t\t\t\t\t\t\t\t\t\t\t\t\t\t\t<img decoding=\"async\" width=\"456\" height=\"234\" src=\"https:\/\/www.solutiiresurseumane.ro\/wp-content\/uploads\/2025\/04\/img-rfo-1.webp\" class=\"attachment-large size-large wp-image-18835\" alt=\"Centro di valutazione\" srcset=\"https:\/\/www.solutiiresurseumane.ro\/wp-content\/uploads\/2025\/04\/img-rfo-1.webp 456w, https:\/\/www.solutiiresurseumane.ro\/wp-content\/uploads\/2025\/04\/img-rfo-1-300x154.webp 300w\" sizes=\"(max-width: 456px) 100vw, 456px\" \/>\t\t\t\t\t\t\t\t\t\t\t\t\t\t\t<\/div>\n\t\t\t\t<\/div>\n\t\t\t\t\t<\/div>\n\t\t<\/div>\n\t\t\t\t\t<\/div>\n\t\t<\/section>\n\t\t\t\t<\/div>\n\t\t","protected":false},"excerpt":{"rendered":"<p>Centro di valutazione I servizi di Assessment Center offerti da Fox Expert supportano le aziende nella valutazione oggettiva. Pu\u00f2 essere applicato per l&#8217;assunzione, la promozione o lo sviluppo personale e professionale dei dipendenti. Attraverso l&#8217;Assessment Centre, Fox Expert offre, grazie ai suoi specialisti certificati nel settore, i seguenti tipi di valutazioni autorizzate: Test di personalit\u00e0,&#8230;<\/p>\n","protected":false},"author":1,"featured_media":18835,"parent":17755,"menu_order":0,"comment_status":"closed","ping_status":"closed","template":"","meta":{"_acf_changed":false,"footnotes":""},"class_list":["post-17693","page","type-page","status-publish","has-post-thumbnail","hentry"],"acf":[],"yoast_head":"<!-- This site is optimized with the Yoast SEO Premium plugin v27.5 (Yoast SEO v27.5) - https:\/\/yoast.com\/product\/yoast-seo-premium-wordpress\/ -->\n<title>Centro di valutazione - Angajare, Assessment Center, Dezvoltare Resurse Umane<\/title>\n<meta name=\"description\" content=\"Assessment Centre per la selezione, la promozione e lo sviluppo del personale. Valutazione personalizzata da parte di psicologi ed esperti di risorse umane.\" \/>\n<meta name=\"robots\" content=\"index, follow, max-snippet:-1, max-image-preview:large, max-video-preview:-1\" \/>\n<link rel=\"canonical\" href=\"https:\/\/www.solutiiresurseumane.ro\/it\/servizi\/centro-di-valutazione\/\" \/>\n<meta property=\"og:locale\" content=\"it_IT\" \/>\n<meta property=\"og:type\" content=\"article\" \/>\n<meta property=\"og:title\" content=\"Centro di valutazione\" \/>\n<meta property=\"og:description\" content=\"Assessment Centre per la selezione, la promozione e lo sviluppo del personale. Valutazione personalizzata da parte di psicologi ed esperti di risorse umane.\" \/>\n<meta property=\"og:url\" content=\"https:\/\/www.solutiiresurseumane.ro\/it\/servizi\/centro-di-valutazione\/\" \/>\n<meta property=\"og:site_name\" content=\"Angajare, Assessment Center, Dezvoltare Resurse Umane\" \/>\n<meta property=\"article:modified_time\" content=\"2025-04-25T07:52:38+00:00\" \/>\n<meta property=\"og:image\" content=\"https:\/\/www.solutiiresurseumane.ro\/wp-content\/uploads\/2025\/04\/img-rfo-1.webp\" \/>\n\t<meta property=\"og:image:width\" content=\"456\" \/>\n\t<meta property=\"og:image:height\" content=\"234\" \/>\n\t<meta property=\"og:image:type\" content=\"image\/webp\" \/>\n<meta name=\"twitter:card\" content=\"summary_large_image\" \/>\n<meta name=\"twitter:label1\" content=\"Tempo di lettura stimato\" \/>\n\t<meta name=\"twitter:data1\" content=\"3 minuti\" \/>\n<script type=\"application\/ld+json\" class=\"yoast-schema-graph\">{\"@context\":\"https:\\\/\\\/schema.org\",\"@graph\":[{\"@type\":\"WebPage\",\"@id\":\"https:\\\/\\\/www.solutiiresurseumane.ro\\\/it\\\/servizi\\\/centro-di-valutazione\\\/\",\"url\":\"https:\\\/\\\/www.solutiiresurseumane.ro\\\/it\\\/servizi\\\/centro-di-valutazione\\\/\",\"name\":\"Centro di valutazione - Angajare, Assessment Center, Dezvoltare Resurse Umane\",\"isPartOf\":{\"@id\":\"https:\\\/\\\/www.solutiiresurseumane.ro\\\/it\\\/#website\"},\"primaryImageOfPage\":{\"@id\":\"https:\\\/\\\/www.solutiiresurseumane.ro\\\/it\\\/servizi\\\/centro-di-valutazione\\\/#primaryimage\"},\"image\":{\"@id\":\"https:\\\/\\\/www.solutiiresurseumane.ro\\\/it\\\/servizi\\\/centro-di-valutazione\\\/#primaryimage\"},\"thumbnailUrl\":\"https:\\\/\\\/www.solutiiresurseumane.ro\\\/wp-content\\\/uploads\\\/2025\\\/04\\\/img-rfo-1.webp\",\"datePublished\":\"2025-01-02T23:26:37+00:00\",\"dateModified\":\"2025-04-25T07:52:38+00:00\",\"description\":\"Assessment Centre per la selezione, la promozione e lo sviluppo del personale. Valutazione personalizzata da parte di psicologi ed esperti di risorse umane.\",\"breadcrumb\":{\"@id\":\"https:\\\/\\\/www.solutiiresurseumane.ro\\\/it\\\/servizi\\\/centro-di-valutazione\\\/#breadcrumb\"},\"inLanguage\":\"it-IT\",\"potentialAction\":[{\"@type\":\"ReadAction\",\"target\":[\"https:\\\/\\\/www.solutiiresurseumane.ro\\\/it\\\/servizi\\\/centro-di-valutazione\\\/\"]}]},{\"@type\":\"ImageObject\",\"inLanguage\":\"it-IT\",\"@id\":\"https:\\\/\\\/www.solutiiresurseumane.ro\\\/it\\\/servizi\\\/centro-di-valutazione\\\/#primaryimage\",\"url\":\"https:\\\/\\\/www.solutiiresurseumane.ro\\\/wp-content\\\/uploads\\\/2025\\\/04\\\/img-rfo-1.webp\",\"contentUrl\":\"https:\\\/\\\/www.solutiiresurseumane.ro\\\/wp-content\\\/uploads\\\/2025\\\/04\\\/img-rfo-1.webp\",\"width\":456,\"height\":234,\"caption\":\"Centro di valutazione\"},{\"@type\":\"BreadcrumbList\",\"@id\":\"https:\\\/\\\/www.solutiiresurseumane.ro\\\/it\\\/servizi\\\/centro-di-valutazione\\\/#breadcrumb\",\"itemListElement\":[{\"@type\":\"ListItem\",\"position\":1,\"name\":\"Prima pagin\u0103\",\"item\":\"https:\\\/\\\/www.solutiiresurseumane.ro\\\/it\\\/\"},{\"@type\":\"ListItem\",\"position\":2,\"name\":\"Servizi\",\"item\":\"https:\\\/\\\/www.solutiiresurseumane.ro\\\/it\\\/servizi\\\/\"},{\"@type\":\"ListItem\",\"position\":3,\"name\":\"Centro di valutazione\"}]},{\"@type\":\"WebSite\",\"@id\":\"https:\\\/\\\/www.solutiiresurseumane.ro\\\/it\\\/#website\",\"url\":\"https:\\\/\\\/www.solutiiresurseumane.ro\\\/it\\\/\",\"name\":\"Bismutika HR\",\"description\":\"Bismutika HR\",\"publisher\":{\"@id\":\"https:\\\/\\\/www.solutiiresurseumane.ro\\\/it\\\/#organization\"},\"alternateName\":\"Bismutika \u2013 Agentie recrutare si full-cycle HR\",\"potentialAction\":[{\"@type\":\"SearchAction\",\"target\":{\"@type\":\"EntryPoint\",\"urlTemplate\":\"https:\\\/\\\/www.solutiiresurseumane.ro\\\/it\\\/?s={search_term_string}\"},\"query-input\":{\"@type\":\"PropertyValueSpecification\",\"valueRequired\":true,\"valueName\":\"search_term_string\"}}],\"inLanguage\":\"it-IT\"},{\"@type\":\"Organization\",\"@id\":\"https:\\\/\\\/www.solutiiresurseumane.ro\\\/it\\\/#organization\",\"name\":\"Bismutika HR\",\"alternateName\":\"Bismutika HR - Agentie recrutare si full-cycle HR\",\"url\":\"https:\\\/\\\/www.solutiiresurseumane.ro\\\/it\\\/\",\"logo\":{\"@type\":\"ImageObject\",\"inLanguage\":\"it-IT\",\"@id\":\"https:\\\/\\\/www.solutiiresurseumane.ro\\\/it\\\/#\\\/schema\\\/logo\\\/image\\\/\",\"url\":\"https:\\\/\\\/www.solutiiresurseumane.ro\\\/wp-content\\\/uploads\\\/2025\\\/09\\\/090925_6.png\",\"contentUrl\":\"https:\\\/\\\/www.solutiiresurseumane.ro\\\/wp-content\\\/uploads\\\/2025\\\/09\\\/090925_6.png\",\"width\":566,\"height\":193,\"caption\":\"Bismutika HR\"},\"image\":{\"@id\":\"https:\\\/\\\/www.solutiiresurseumane.ro\\\/it\\\/#\\\/schema\\\/logo\\\/image\\\/\"},\"sameAs\":[\"https:\\\/\\\/www.linkedin.com\\\/in\\\/andreea-nichifor-56561648\\\/\"],\"description\":\"Bismutika ofera servicii de recrutare, executive search si head hunting pentru companiile care doresc sa atraga cei mai buni candidati. Intelegem relatia dintre business si oamenii care il fac profitabil. In companii, cel mai important capital nu sunt oamenii, ci oamenii potriviti.\",\"email\":\"office@solutiiresurseumane.ro\",\"telephone\":\"0731 389 641\",\"legalName\":\"Bismutika - Agentie recrutare si full-cycle HR\",\"foundingDate\":\"2015-01-28\",\"vatID\":\"RO34025166\",\"numberOfEmployees\":{\"@type\":\"QuantitativeValue\",\"minValue\":\"1\",\"maxValue\":\"10\"}}]}<\/script>\n<!-- \/ Yoast SEO Premium plugin. -->","yoast_head_json":{"title":"Centro di valutazione - Angajare, Assessment Center, Dezvoltare Resurse Umane","description":"Assessment Centre per la selezione, la promozione e lo sviluppo del personale. Valutazione personalizzata da parte di psicologi ed esperti di risorse umane.","robots":{"index":"index","follow":"follow","max-snippet":"max-snippet:-1","max-image-preview":"max-image-preview:large","max-video-preview":"max-video-preview:-1"},"canonical":"https:\/\/www.solutiiresurseumane.ro\/it\/servizi\/centro-di-valutazione\/","og_locale":"it_IT","og_type":"article","og_title":"Centro di valutazione","og_description":"Assessment Centre per la selezione, la promozione e lo sviluppo del personale. Valutazione personalizzata da parte di psicologi ed esperti di risorse umane.","og_url":"https:\/\/www.solutiiresurseumane.ro\/it\/servizi\/centro-di-valutazione\/","og_site_name":"Angajare, Assessment Center, Dezvoltare Resurse Umane","article_modified_time":"2025-04-25T07:52:38+00:00","og_image":[{"width":456,"height":234,"url":"https:\/\/www.solutiiresurseumane.ro\/wp-content\/uploads\/2025\/04\/img-rfo-1.webp","type":"image\/webp"}],"twitter_card":"summary_large_image","twitter_misc":{"Tempo di lettura stimato":"3 minuti"},"schema":{"@context":"https:\/\/schema.org","@graph":[{"@type":"WebPage","@id":"https:\/\/www.solutiiresurseumane.ro\/it\/servizi\/centro-di-valutazione\/","url":"https:\/\/www.solutiiresurseumane.ro\/it\/servizi\/centro-di-valutazione\/","name":"Centro di valutazione - Angajare, Assessment Center, Dezvoltare Resurse Umane","isPartOf":{"@id":"https:\/\/www.solutiiresurseumane.ro\/it\/#website"},"primaryImageOfPage":{"@id":"https:\/\/www.solutiiresurseumane.ro\/it\/servizi\/centro-di-valutazione\/#primaryimage"},"image":{"@id":"https:\/\/www.solutiiresurseumane.ro\/it\/servizi\/centro-di-valutazione\/#primaryimage"},"thumbnailUrl":"https:\/\/www.solutiiresurseumane.ro\/wp-content\/uploads\/2025\/04\/img-rfo-1.webp","datePublished":"2025-01-02T23:26:37+00:00","dateModified":"2025-04-25T07:52:38+00:00","description":"Assessment Centre per la selezione, la promozione e lo sviluppo del personale. Valutazione personalizzata da parte di psicologi ed esperti di risorse umane.","breadcrumb":{"@id":"https:\/\/www.solutiiresurseumane.ro\/it\/servizi\/centro-di-valutazione\/#breadcrumb"},"inLanguage":"it-IT","potentialAction":[{"@type":"ReadAction","target":["https:\/\/www.solutiiresurseumane.ro\/it\/servizi\/centro-di-valutazione\/"]}]},{"@type":"ImageObject","inLanguage":"it-IT","@id":"https:\/\/www.solutiiresurseumane.ro\/it\/servizi\/centro-di-valutazione\/#primaryimage","url":"https:\/\/www.solutiiresurseumane.ro\/wp-content\/uploads\/2025\/04\/img-rfo-1.webp","contentUrl":"https:\/\/www.solutiiresurseumane.ro\/wp-content\/uploads\/2025\/04\/img-rfo-1.webp","width":456,"height":234,"caption":"Centro di valutazione"},{"@type":"BreadcrumbList","@id":"https:\/\/www.solutiiresurseumane.ro\/it\/servizi\/centro-di-valutazione\/#breadcrumb","itemListElement":[{"@type":"ListItem","position":1,"name":"Prima pagin\u0103","item":"https:\/\/www.solutiiresurseumane.ro\/it\/"},{"@type":"ListItem","position":2,"name":"Servizi","item":"https:\/\/www.solutiiresurseumane.ro\/it\/servizi\/"},{"@type":"ListItem","position":3,"name":"Centro di valutazione"}]},{"@type":"WebSite","@id":"https:\/\/www.solutiiresurseumane.ro\/it\/#website","url":"https:\/\/www.solutiiresurseumane.ro\/it\/","name":"Bismutika HR","description":"Bismutika HR","publisher":{"@id":"https:\/\/www.solutiiresurseumane.ro\/it\/#organization"},"alternateName":"Bismutika \u2013 Agentie recrutare si full-cycle HR","potentialAction":[{"@type":"SearchAction","target":{"@type":"EntryPoint","urlTemplate":"https:\/\/www.solutiiresurseumane.ro\/it\/?s={search_term_string}"},"query-input":{"@type":"PropertyValueSpecification","valueRequired":true,"valueName":"search_term_string"}}],"inLanguage":"it-IT"},{"@type":"Organization","@id":"https:\/\/www.solutiiresurseumane.ro\/it\/#organization","name":"Bismutika HR","alternateName":"Bismutika HR - Agentie recrutare si full-cycle HR","url":"https:\/\/www.solutiiresurseumane.ro\/it\/","logo":{"@type":"ImageObject","inLanguage":"it-IT","@id":"https:\/\/www.solutiiresurseumane.ro\/it\/#\/schema\/logo\/image\/","url":"https:\/\/www.solutiiresurseumane.ro\/wp-content\/uploads\/2025\/09\/090925_6.png","contentUrl":"https:\/\/www.solutiiresurseumane.ro\/wp-content\/uploads\/2025\/09\/090925_6.png","width":566,"height":193,"caption":"Bismutika HR"},"image":{"@id":"https:\/\/www.solutiiresurseumane.ro\/it\/#\/schema\/logo\/image\/"},"sameAs":["https:\/\/www.linkedin.com\/in\/andreea-nichifor-56561648\/"],"description":"Bismutika ofera servicii de recrutare, executive search si head hunting pentru companiile care doresc sa atraga cei mai buni candidati. Intelegem relatia dintre business si oamenii care il fac profitabil. In companii, cel mai important capital nu sunt oamenii, ci oamenii potriviti.","email":"office@solutiiresurseumane.ro","telephone":"0731 389 641","legalName":"Bismutika - Agentie recrutare si full-cycle HR","foundingDate":"2015-01-28","vatID":"RO34025166","numberOfEmployees":{"@type":"QuantitativeValue","minValue":"1","maxValue":"10"}}]}},"_links":{"self":[{"href":"https:\/\/www.solutiiresurseumane.ro\/it\/wp-json\/wp\/v2\/pages\/17693","targetHints":{"allow":["GET"]}}],"collection":[{"href":"https:\/\/www.solutiiresurseumane.ro\/it\/wp-json\/wp\/v2\/pages"}],"about":[{"href":"https:\/\/www.solutiiresurseumane.ro\/it\/wp-json\/wp\/v2\/types\/page"}],"author":[{"embeddable":true,"href":"https:\/\/www.solutiiresurseumane.ro\/it\/wp-json\/wp\/v2\/users\/1"}],"replies":[{"embeddable":true,"href":"https:\/\/www.solutiiresurseumane.ro\/it\/wp-json\/wp\/v2\/comments?post=17693"}],"version-history":[{"count":13,"href":"https:\/\/www.solutiiresurseumane.ro\/it\/wp-json\/wp\/v2\/pages\/17693\/revisions"}],"predecessor-version":[{"id":19037,"href":"https:\/\/www.solutiiresurseumane.ro\/it\/wp-json\/wp\/v2\/pages\/17693\/revisions\/19037"}],"up":[{"embeddable":true,"href":"https:\/\/www.solutiiresurseumane.ro\/it\/wp-json\/wp\/v2\/pages\/17755"}],"wp:featuredmedia":[{"embeddable":true,"href":"https:\/\/www.solutiiresurseumane.ro\/it\/wp-json\/wp\/v2\/media\/18835"}],"wp:attachment":[{"href":"https:\/\/www.solutiiresurseumane.ro\/it\/wp-json\/wp\/v2\/media?parent=17693"}],"curies":[{"name":"wp","href":"https:\/\/api.w.org\/{rel}","templated":true}]}}